{"id":467,"date":"2021-03-12T15:04:38","date_gmt":"2021-03-12T14:04:38","guid":{"rendered":"http:\/\/www.hotelglobus.rimini.it\/?page_id=467"},"modified":"2021-06-28T15:30:55","modified_gmt":"2021-06-28T13:30:55","slug":"servizi","status":"publish","type":"page","link":"https:\/\/www.hotelglobus.rimini.it\/de\/servizi\/","title":{"rendered":"Dienste"},"content":{"rendered":"<div id=\"flc-carousel\" data-cellalign=\"center\" data-bglazyload=\"1\" data-freescroll=\"false\" data-wraparound=\"true\" data-autoplay=\"5000\" data-pauseautoplayonhover =\"true\" data-prevnextbuttons=\"false\" data-contain=\"true\" data-pagedots=\"true\" data-draggable=\"false\" data-groupcells=\"1\" data-fade=\"false\" class=\"js--flickity wao-blocks-slider diagonale-basso-destra flc-carousel-97330\"  style=\"margin-bottom: 35px\">\n\n                            <div class=\"w-100\">\n                    \n    <div style='background: url(http:\/\/www.hotelglobus.rimini.it\/wp-content\/uploads\/2021\/03\/top-servizi.jpg)center center ; background-blend-mode: multiply; background-size: cover; height: 60vh; background-position: 50% 50%;' class='wao-blocks-flc-banner'>\n        <div \n            class='carousel-caption mobile-tablet-centered text-center' \n                        style='max-width: 100%; bottom: 50%; background-color:  ; margin:  auto            '>\n            \n\n<p class=\"has-text-align-center display-1 text-primary font-weight-500\"><\/p>\n\n        <\/div>\n        <style>\n            @media screen and (max-width: 992px) {\n                .mobile-tablet-centered {\n                    margin: auto !important;\n                }\n            }\n        <\/style>\n    <\/div>\n    \n                <\/div>\n            \n<\/div>\n\n<section class=\"wao-blocks-container container-fluid mb-0 diagonale-basso-destra\"\n\t\t>\n    \n<div class=\"wao-blocks-row row\" >\n    \n\n<div class=\"col-12 col-md-12 text-center\"\n     \n\t \n\tdata-cof=\"true\"\n    data-cof-rule=\"padding,1rem,2rem,2rem,3rem, 3rem\" >\n        \n\n<div class=\"breadcrumb-block\"\n    >\n    <div class=\"text-secondary small\">\n        <a href=\"https:\/\/www.hotelglobus.rimini.it\/de\" rel=\"nofollow\" title=\"Startseite\">Startseite &gt;<\/a>\n        Dienste    <\/div>\n<\/div>\n\n\n<h1 class=\"has-text-align-center pb-4 wp-block-heading\">Viele Dienstleistungen f\u00fcr Ihren Urlaub<\/h1>\n\n\n<div class=\"mx-auto\" style=\"max-width:1280px;\">\n\n\n<p class=\"has-text-align-center\">Hotel Globus wird <strong>begr\u00fc\u00dft Sie mit vielen Dienstleistungen<\/strong> die Ihren Urlaub wirklich zufriedenstellend machen k\u00f6nnen.<br>Zum Beispiel sprechen unsere Mitarbeiter flie\u00dfend Russisch, Englisch und Deutsch, unsere&nbsp; <strong>Empfang<\/strong> ist offen <strong>h24<\/strong> und wir sind ausger\u00fcstet f\u00fcr die Durchf\u00fchrung <strong>Express Check-in und Check-out<\/strong>.<\/p>\n\n\n<\/div>\n    <\/div>\n<\/div>\n<\/section>\n\n<section class=\"wao-blocks-container container-fluid mb-5 g--bkg-dark-03 diagonale-sopra-sotto\"\n\t\t>\n    \n<div class=\"wao-blocks-row row d-none d-md-block\" >\n    \n\n<div class=\"col-12 col-md-12 py-5\"\n     \n\t \n\t>\n            <\/div>\n<\/div>\n\n<div class=\"wao-blocks-row row\" >\n    \n\n<div class=\"col-12 col-md-12 col-lg-6\"\n     \n\t \n\tdata-cof=\"true\"\n    data-cof-rule=\"padding, 3rem \u200b1rem, 2rem,3rem, 3rem, 3rem\" >\n        \n\n<h3 class=\"h2 text-secondary wp-block-heading\">Parken und Fahrradservice<\/h3>\n\n\n\n<hr class=\"wp-block-separator g--b-c-02 mx-auto\"\/>\n\n\n\n<p>Das Hotel Globus in Rimini ist leicht mit dem Zug, dem Flugzeug und dem Auto zu erreichen.&nbsp;<\/p>\n\n\n\n<p>Dar\u00fcber hinaus ist das Hotel von Juni bis September <strong>mit einem Parkplatz in der N\u00e4he<\/strong>.&nbsp;<\/p>\n\n\n\n<p>Mit ein wenig <strong>Zuschlag von nur 10 \u20ac pro Tag<\/strong>Sie haben die M\u00f6glichkeit, Ihr Auto stehen zu lassen und Bellariva zu erkunden oder zu Fu\u00df zum Strand zu gehen: wir befinden uns nur 50 Meter vom Strand entfernt und liegen idyllisch mitten in einem zentralen Bereich mit vielen Dienstleistungen und Einrichtungen.<\/p>\n\n    <\/div>\n\n\n<div class=\"col-12 col-md-12 col-lg-6 px-0 pt-0 pb-4\"\n     \n\t \n\t>\n        \n<div class=\"barra g--bkg-dark-02 position-absolute bottom-0 start-0  js--hideme\" data-anim=\"fadeInLeft\"><\/div>\n\n    <figure\n        class=\"wao-blocks-immagine-bkg h-100 w-100 mt-10 mb-0\"\n        style=\"background: url('http:\/\/www.hotelglobus.rimini.it\/wp-content\/uploads\/2021\/06\/servizio-bici-1024x683.jpg') center center \/ cover no-repeat; min-height: 400px;\"\n        >\n            <\/figure>\n\n\n<div class=\"d-flex justify-content-end\"><div class=\"barra g--bkg-dark-01 js--hideme\" data-anim=\"fadeInRight\"><\/div><\/div>\n    <\/div>\n<\/div>\n\n<div class=\"wao-blocks-row row d-none d-md-block\" >\n    \n\n<div class=\"col-12 col-md-12 py-5\"\n     \n\t \n\t>\n            <\/div>\n<\/div>\n<\/section>\n\n<section class=\"wao-blocks-container container-fluid mb-5\"\n\t\t>\n    \n<div class=\"wao-blocks-row row\" >\n    \n\n<div class=\"col-12 col-md-6 px-0 pt-0 pb-4 order-lg-1 order-2\"\n     \n\t \n\t>\n        \n<div class=\"barra g--bkg-dark-02 position-absolute bottom-0 start-0  js--hideme\" data-anim=\"fadeInLeft\"><\/div>\n\n    <figure\n        class=\"wao-blocks-immagine-bkg h-100 w-100 mt-10 mb-0\"\n        style=\"background: url('http:\/\/www.hotelglobus.rimini.it\/wp-content\/uploads\/2021\/03\/globus-rimini-accetta-animali-1024x683.jpg') center center \/ cover no-repeat; min-height: 400px;\"\n        >\n            <\/figure>\n\n\n<div class=\"d-flex justify-content-end\"><div class=\"barra g--bkg-dark-01 js--hideme\" data-anim=\"fadeInRight\"><\/div><\/div>\n    <\/div>\n\n\n<div class=\"col-12 col-md-6 order-lg-2 order-1\"\n     \n\t \n\tdata-cof=\"true\"\n    data-cof-rule=\"padding, 3rem \u200b1rem, 2rem,3rem, 3rem, 3rem\" >\n        \n\n<h3 class=\"h2 text-secondary wp-block-heading\">Vierbeinige Freunde willkommen<\/h3>\n\n\n\n<hr class=\"wp-block-separator g--b-c-01 mx-auto\"\/>\n\n\n\n<p>Das Globus Hotel in Rimini begr\u00fc\u00dft alle G\u00e4ste mit <strong>Welpen f\u00fcr frei<\/strong>.&nbsp;<\/p>\n\n\n\n<p>Um in der Gesellschaft Ihres vierbeinigen Freundes zu bleiben, m\u00fcssen Sie nichts extra bezahlen, teilen Sie uns bei der Buchung ihre Anwesenheit mit, damit wir Ihnen einen <strong>komfortabler und hochwertiger Aufenthalt<\/strong>.<\/p>\n\n\n\n<p>Wenn Sie mit mittleren und kleinen Hunden reisen, weisen wir Ihnen sogar einen<strong> ger\u00e4umigeres Zimmer <\/strong>und wir werden auf ihr Wohlbefinden achten, besonders zur Mittags- und Abendessenszeit, wenn wir sie mit leckeren, f\u00fcr sie reservierten Mahlzeiten verw\u00f6hnen.<\/p>\n\n    <\/div>\n<\/div>\n<\/section>\n\n<section class=\"wao-blocks-container container-fluid mb-5\"\n\t\t>\n    \n<div class=\"wao-blocks-row row\" >\n    \n\n<div class=\"col-12 col-md-6\"\n     \n\t \n\tdata-cof=\"true\"\n    data-cof-rule=\"padding, 3rem \u200b1rem, 2rem,3rem, 3rem, 3rem\" >\n        \n\n<h3 class=\"h2 text-secondary wp-block-heading\">Schwimmbad<\/h3>\n\n\n\n<hr class=\"wp-block-separator g--b-c-01 mx-auto\"\/>\n\n\n\n<p>Das Hotel Globus befindet sich nur wenige Minuten vom Schwimmbad des <strong>Skaramacai<\/strong>, <strong>ein Sommerpark <\/strong>Gebrauch: F\u00fcr Kinder aller Altersgruppen!<\/p>\n\n\n\n<p>Hier finden Sie <strong>ein Schwimmbad, auch f\u00fcr Kinder geeignet <\/strong>dank eines niedrigen Anteils und vieler Spiele. <strong>An der Parkbar<\/strong> Erwachsene k\u00f6nnen ein Getr\u00e4nk genie\u00dfen und Kinder k\u00f6nnen in der K\u00fchle des umliegenden Parks einen sch\u00f6nen Snack zu sich nehmen.<\/p>\n\n    <\/div>\n\n\n<div class=\"col-12 col-md-6 px-0 pt-0 pb-4\"\n     \n\t \n\t>\n        \n<div class=\"barra g--bkg-dark-02 position-absolute bottom-0 start-0  js--hideme\" data-anim=\"fadeInLeft\"><\/div>\n\n    <figure\n        class=\"wao-blocks-immagine-bkg h-100 w-100 mt-10 mb-0\"\n        style=\"background: url('http:\/\/www.hotelglobus.rimini.it\/wp-content\/uploads\/2021\/03\/animazione-skaramacai-globus-1024x683.jpg') center center \/ cover no-repeat; min-height: 400px;\"\n        >\n            <\/figure>\n\n\n<div class=\"d-flex justify-content-end\"><div class=\"barra g--bkg-dark-01 js--hideme\" data-anim=\"fadeInRight\"><\/div><\/div>\n    <\/div>\n<\/div>\n<\/section>\n\n<div class=\"sf-gradient\">\n\n<section class=\"wao-blocks-container container-fluid mb-0 sf-newsletter diagonale-sopra-sotto\"\n\t\t>\n    \n<div class=\"wao-blocks-row row d-none d-md-block\" >\n    \n\n<div class=\"col-12 col-md-12 diagonale-basso-sx py-5\"\n     \n\t \n\t>\n            <\/div>\n<\/div>\n\n<div class=\"wao-blocks-row row\" >\n    \n\n<div class=\"col-12 col-md-6 d-flex align-items-center\"\n     \n\t \n\tdata-cof=\"true\"\n    data-cof-rule=\"padding, 3rem 1rem, 2rem, 2rem, 3rem, 5rem 3rem\" >\n        \n<div>\n\n\n<h3 class=\"has-text-align-center h2 pb-4 wp-block-heading\">Abonnieren Sie den Newsletter<\/h3>\n\n\n\n<p class=\"has-text-align-center\">Registrieren Sie sich und bleiben Sie auf dem Laufenden \u00fcber Angebote und Neuigkeiten<\/p>\n\n\n<div class=\"mx-auto\" style=\"max-width:450px;\">\n\n<script src=\"https:\/\/www.google.com\/recaptcha\/enterprise.js?render=6LdKs-6Lc3xMIcAAAAAO2K3CkgGUYb6BcsBOk289jP7NUP\"><\/script>\n<div class=\"l--box-newsletter wao-blocks-nav-tab\" >\n    <form class=\"custom\" name=\"iscrizione_newsletter\" id=\"iscrizione_newsletter\" method=\"post\" autocomplete=\"OFF\" action=\"\">\n        <fieldset>\n            <div class=\"form-group column\">\n                                <div class=\"col-12 col-lg-12 mx-auto\">\n                    <input type=\"text\" class=\"form-control my-2\" id=\"news_nome\" name=\"nome\" placeholder=\"Name*\">\n                <\/div>\n                <div class=\"col-12 col-lg-12 mx-auto\">\n                    <input type=\"text\" class=\"form-control my-2\" id=\"news_email\" name=\"email\" value=\"\" placeholder=\"E-Mail*\">\n                <\/div>\n                <div id=\"newsletter\" class=\"col-12 col-lg-12 mx-auto\">\n<input value=\"on\" type=\"checkbox\" name=\"news_privacy\" id=\"news_privacy\">\n<label for=\"news_privacy\">*\n    <small>\n        <a href=\"javascript:void(0)\" title=\"Datenschutz\"\n            class=\"privacy link-privacy-policy\" style=\"cursor: pointer;\">\n            Ich akzeptiere Datenschutz\n        <\/a>\n    <\/small>\n<\/label>\n<\/div>                <div class=\"col-12 col-lg-12 mx-auto\">\n                    <button class=\"btn btn-primary btn-block text-uppercase rounded-20\"type=\"submit\" id=\"iscrizioneNewsletter\">\n                        Anmelden\n                    <\/button>\n                    <input name=\"dominio\" type=\"hidden\" value=\"https:\/\/www.hotelglobus.rimini.it\/de\/\">\n                    <input name=\"idHotel\" type=\"hidden\" value=\"663\">\n                    <input name=\"lingua\" type=\"hidden\" value=\"it\">\n                <\/div>\n            <\/div>\n        <\/fieldset>\n    <input type=\"hidden\" name=\"trp-form-language\" value=\"de\"\/><\/form>\n<\/div>\n<div id=\"divAlert\" class=\"h-50 w-50 m-auto alert-info d-none\" style=\"position: fixed; top: 10px; left: 10px; right: 10px; bottom: 10px; z-index: 2000; overflow: auto\">\n\t<div class=\"text-right\">\n\t\t<a class=\"btn btn-primary btn_chiudi\" href=\"javascript:void(0)\" onclick=\"location.reload(true);\" title=\"Schlie\u00dfen\"><i class=\"fa fa-times\" aria-hidden=\"true\"><\/i><\/a>\n\t<\/div>\n\t<div class=\"text-center alert-info l--align-middle-vertical\" style=\"height: calc(100% - 50px);\">\n\t\t<div class=\"logo\"><\/div>\n\t\t<div class=\"text-center h-50 w-50\">\n\t\t\t<span class=\"display-3\"><i class=\"fa fa-paper-plane\" aria-hidden=\"true\"><\/i><\/span>\n\t\t\t<h4>Newsletter-Abonnement erfolgreich abgeschlossen<\/h4>\n\t\t<\/div>\n\t<\/div>\n<\/div>\n\n\n<\/div>\n\n<\/div>\n    <\/div>\n\n\n<div class=\"col-12 col-md-6\"\n     \n\t \n\tdata-cof=\"true\"\n    data-cof-rule=\"padding, 3rem 1rem, 2rem, 2rem, 3rem, 5rem 3rem\" >\n        \n\n<h3 class=\"has-text-align-center h2 pb-4 wp-block-heading\">Was sie \u00fcber uns sagen<\/h3>\n\n\n<div id=\"innerblocks-slider-parent1\" data-wraparound='true' data-cellalign=\"right\" data-bglazyload=\"1\" data-freescroll=\"false\" data-autoplay=\"2000\" data-pauseautoplayonhover =\"true\" data-prevnextbuttons=\"false\" data-contain=\"true\" data-pagedots=\"true\" data-draggable=\"true\"  class=\"wrap-desktop js--flickity wao-blocks-slider innerblocks-slider-parent-95446\"  style=\"margin-bottom: 35px\">\n            <div class=\"col-12 col-md-12 col-lg-12 p-0\" style=\"height:auto\">\n            \n    <div \n        class='innerblocks-slider-child wao-blocks-innerblocks-slider-child' \n        >\n        \n\n<p class=\"has-text-align-center\"><strong>Entspannung pur<\/strong><\/p>\n\n\n\n<p>Ich habe in diesem Hotel mit meiner Familie \u00fcbernachtet wir hatten eine tolle Zeit sehr hilfsbereites Personal Ich bat darum, die Zimmer zu wechseln, weil ich die 4 Etage wollte ich wurde sofort akzeptiert Ich m\u00f6chte das L\u00e4cheln und die Freundlichkeit von Fr\u00e4ulein Sara ein Dankesch\u00f6n an alle das Personal sind wunderbar zu berichten<br>Saubere, frische und variable Lebensmittel. Bis zum n\u00e4chsten Jahr. Eine Umarmung<\/p>\n\n\n\n<p><em>Marisa D<\/em><\/p>\n\n    <\/div>\n    <style>\n        @media screen and (max-width: 992px) {\n            .innerblocks-slider-child {\n                margin: auto !important;\n            }\n        }\n    <\/style>\n  \n\n        <\/div>\n            <div class=\"col-12 col-md-12 col-lg-12 p-0\" style=\"height:auto\">\n            \n    <div \n        class='innerblocks-slider-child wao-blocks-innerblocks-slider-child' \n        >\n        \n\n<p class=\"has-text-align-center\"><strong>Sch\u00f6ner Urlaub<\/strong><\/p>\n\n\n\n<p>Meine Familie und ich hatten eine wirklich tolle Zeit in dieser Anlage!<br>Tolles Essen, Animation mit Sofia und Salah sehr einnehmend. Meine Tochter hatte eine tolle Zeit.<br>Komfortabler Pool, gem\u00fctliches Strandbad.<\/p>\n\n\n\n<p><em>Loredana<\/em><\/p>\n\n    <\/div>\n    <style>\n        @media screen and (max-width: 992px) {\n            .innerblocks-slider-child {\n                margin: auto !important;\n            }\n        }\n    <\/style>\n  \n\n        <\/div>\n            <div class=\"col-12 col-md-12 col-lg-12 p-0\" style=\"height:auto\">\n            \n    <div \n        class='innerblocks-slider-child wao-blocks-innerblocks-slider-child' \n        >\n        \n\n<p class=\"has-text-align-center\"><strong>Zufrieden<\/strong><\/p>\n\n\n\n<p>Ich verbrachte 7 Tage im Hotel Globus Ich muss sagen, dass wir sehr gut waren die K\u00fcche ist nicht aufwendig, aber sehr gut f\u00fchlen Sie sich die Aromen der Vergangenheit als die gebackenen Nudeln mit Fleischb\u00e4llchen im Inneren, die mich an meine Mutter erinnert, wollte ich auch die Freundlichkeit und das L\u00e4cheln von Miss Sara zu berichten. Zimmer ok, Sauberkeit ok, H\u00f6flichkeit ok. Eine Umarmung an alle bis zum n\u00e4chsten Jahr.<\/p>\n\n\n\n<p><em>Giusy P<\/em><\/p>\n\n    <\/div>\n    <style>\n        @media screen and (max-width: 992px) {\n            .innerblocks-slider-child {\n                margin: auto !important;\n            }\n        }\n    <\/style>\n  \n        <\/div>\n    <\/div>\n<div id=\"innerblocks-slider-parent2\"  data-wraparound='true' data-cellalign=\"right\" data-bglazyload=\"1\" data-freescroll=\"false\" data-autoplay=\"2000\" data-pauseautoplayonhover =\"true\" data-prevnextbuttons=\"false\" data-contain=\"true\" data-pagedots=\"true\" data-draggable=\"true\" class=\"wrap-mobile js--flickity wao-blocks-slider innerblocks-slider-parent-95446\"  style=\"margin-bottom: 35px\">\n            <div class=\"col-12 col-md-12 col-lg-12 p-0\" style=\"height:auto\">\n            \n    <div \n        class='innerblocks-slider-child wao-blocks-innerblocks-slider-child' \n        >\n        \n\n<p class=\"has-text-align-center\"><strong>Entspannung pur<\/strong><\/p>\n\n\n\n<p>Ich habe in diesem Hotel mit meiner Familie \u00fcbernachtet wir hatten eine tolle Zeit sehr hilfsbereites Personal Ich bat darum, die Zimmer zu wechseln, weil ich die 4 Etage wollte ich wurde sofort akzeptiert Ich m\u00f6chte das L\u00e4cheln und die Freundlichkeit von Fr\u00e4ulein Sara ein Dankesch\u00f6n an alle das Personal sind wunderbar zu berichten<br>Saubere, frische und variable Lebensmittel. Bis zum n\u00e4chsten Jahr. Eine Umarmung<\/p>\n\n\n\n<p><em>Marisa D<\/em><\/p>\n\n    <\/div>\n    <style>\n        @media screen and (max-width: 992px) {\n            .innerblocks-slider-child {\n                margin: auto !important;\n            }\n        }\n    <\/style>\n  \n\n        <\/div>\n            <div class=\"col-12 col-md-12 col-lg-12 p-0\" style=\"height:auto\">\n            \n    <div \n        class='innerblocks-slider-child wao-blocks-innerblocks-slider-child' \n        >\n        \n\n<p class=\"has-text-align-center\"><strong>Sch\u00f6ner Urlaub<\/strong><\/p>\n\n\n\n<p>Meine Familie und ich hatten eine wirklich tolle Zeit in dieser Anlage!<br>Tolles Essen, Animation mit Sofia und Salah sehr einnehmend. Meine Tochter hatte eine tolle Zeit.<br>Komfortabler Pool, gem\u00fctliches Strandbad.<\/p>\n\n\n\n<p><em>Loredana<\/em><\/p>\n\n    <\/div>\n    <style>\n        @media screen and (max-width: 992px) {\n            .innerblocks-slider-child {\n                margin: auto !important;\n            }\n        }\n    <\/style>\n  \n\n        <\/div>\n            <div class=\"col-12 col-md-12 col-lg-12 p-0\" style=\"height:auto\">\n            \n    <div \n        class='innerblocks-slider-child wao-blocks-innerblocks-slider-child' \n        >\n        \n\n<p class=\"has-text-align-center\"><strong>Zufrieden<\/strong><\/p>\n\n\n\n<p>Ich verbrachte 7 Tage im Hotel Globus Ich muss sagen, dass wir sehr gut waren die K\u00fcche ist nicht aufwendig, aber sehr gut f\u00fchlen Sie sich die Aromen der Vergangenheit als die gebackenen Nudeln mit Fleischb\u00e4llchen im Inneren, die mich an meine Mutter erinnert, wollte ich auch die Freundlichkeit und das L\u00e4cheln von Miss Sara zu berichten. Zimmer ok, Sauberkeit ok, H\u00f6flichkeit ok. Eine Umarmung an alle bis zum n\u00e4chsten Jahr.<\/p>\n\n\n\n<p><em>Giusy P<\/em><\/p>\n\n    <\/div>\n    <style>\n        @media screen and (max-width: 992px) {\n            .innerblocks-slider-child {\n                margin: auto !important;\n            }\n        }\n    <\/style>\n  \n        <\/div>\n    <\/div>\n    <\/div>\n<\/div>\n\n<div class=\"wao-blocks-row row d-none d-md-block\" >\n    \n\n<div class=\"col-12 col-md-12 diagonale-basso-sx py-5\"\n     \n\t \n\t>\n            <\/div>\n<\/div>\n<\/section>\n\n<\/div>\n\n<section class=\"wao-blocks-container container-fluid mb-2 g--bkg-dark-03 diagonale-basso-destra\"\n\t\t>\n    \n<div class=\"wao-blocks-row row\" >\n    \n\n<div class=\"col-12 col-md-12 col-lg-6 order-1\"\n     \n\t \n\tdata-cof=\"true\"\n    data-cof-rule=\"padding, 3rem 1rem, 2rem, 2rem, 3rem 3rem 1rem 3rem, 3rem 3rem 1rem 3rem\" >\n        \n\n<h3 class=\"has-text-align-center h2 pb-4 wp-block-heading\">Unsere St\u00e4rken<\/h3>\n\n    <\/div>\n\n\n<div class=\"col-12 col-md-12 col-lg-6 order-lg-2 order-3\"\n     \n\t \n\tdata-cof=\"true\"\n    data-cof-rule=\"padding, 3rem 1rem, 2rem, 2rem, 3rem 3rem 1rem 3rem, 3rem 3rem 1rem 3rem\" >\n        \n\n<h3 class=\"has-text-align-center h2 pb-4 wp-block-heading\">Wo wir sind<\/h3>\n\n    <\/div>\n\n\n<div class=\"col-12 col-md-12 col-lg-6 order-lg-3 order-2\"\n     \n\t \n\t>\n        \n<div class=\"d-md-flex align-items-center justify-content-center\">\n\n<div class=\"m-2 g--bkg-dark-01 pt-3 px-0\" style=\"max-width:310px;\" data-cof=\"true\" data-cof-rule=\"width,100%, 100%, 50%, 50%, 50%\">\n\n<div style=\"min-height:85px;\">\n\n\n<p class=\"text-white display-4 px-4 pt-2 pb-3\"><strong>Ein paar Schritte vom Meer entfernt<\/strong><\/p>\n\n\n<\/div>\n\n    <figure\n        class=\"wao-blocks-immagine-bkg p-0 m-0 d-none d-md-block\"\n        style=\"background: url('http:\/\/www.hotelglobus.rimini.it\/wp-content\/uploads\/2021\/03\/sf-mare.jpg') center center \/ cover no-repeat; min-height: 300px;\"\n        >\n            <\/figure>\n\n\n<\/div>\n\n<div class=\"m-2 g--bkg-dark-01 pt-3 px-0\" style=\"max-width:310px;\" data-cof=\"true\" data-cof-rule=\"width,100%, 100%, 50%, 50%, 50%\">\n\n<div style=\"min-height:85px;\">\n\n\n<p class=\"text-white display-4 px-4 pt-2 pb-3\"><strong>Traditionelle Qualit\u00e4tsk\u00fcche<\/strong><\/p>\n\n\n<\/div>\n\n    <figure\n        class=\"wao-blocks-immagine-bkg p-0 m-0 d-none d-md-block\"\n        style=\"background: url('http:\/\/www.hotelglobus.rimini.it\/wp-content\/uploads\/2022\/05\/sf-colazione-2.jpg') center center \/ cover no-repeat; min-height: 300px;\"\n        >\n            <\/figure>\n\n\n<\/div>\n\n<\/div>\n\n<div class=\"d-md-flex align-items-center justify-content-center\">\n\n<div class=\"m-2 g--bkg-dark-01 pt-3 px-0\" style=\"max-width:310px;\" data-cof=\"true\" data-cof-rule=\"width,100%, 100%, 50%, 50%, 50%\">\n\n<div style=\"min-height:85px;\">\n\n\n<p class=\"text-white display-4 px-4 pt-2 pb-3\"><strong>In der N\u00e4he von Vergn\u00fcgungsparks<\/strong><\/p>\n\n\n<\/div>\n\n    <figure\n        class=\"wao-blocks-immagine-bkg p-0 m-0 d-none d-md-block\"\n        style=\"background: url('http:\/\/www.hotelglobus.rimini.it\/wp-content\/uploads\/2021\/03\/sf-parchi-2.jpg') center center \/ cover no-repeat; min-height: 300px;\"\n        >\n            <\/figure>\n\n\n<\/div>\n\n<div class=\"m-2 g--bkg-dark-01 pt-3 px-0\" style=\"max-width:310px;\" data-cof=\"true\" data-cof-rule=\"width,100%, 100%, 50%, 50%, 50%\">\n\n<div style=\"min-height:85px;\">\n\n\n<p class=\"text-white display-4 px-4 pt-2 pb-3\"><strong>Angegliederter Strand und Schwimmbad<\/strong><\/p>\n\n\n<\/div>\n\n    <figure\n        class=\"wao-blocks-immagine-bkg p-0 m-0 d-none d-md-block\"\n        style=\"background: url('http:\/\/www.hotelglobus.rimini.it\/wp-content\/uploads\/2021\/03\/sf-family.jpg') center center \/ cover no-repeat; min-height: 300px;\"\n        >\n            <\/figure>\n\n\n<\/div>\n\n<\/div>\n    <\/div>\n\n\n<div class=\"col-12 col-md-12 col-lg-6 order-4\"\n     \n\t \n\t>\n        \n<iframe class=\"js--lazy-load\" data-src=\"https:\/\/www.google.com\/maps\/embed?pb=!1m14!1m8!1m3!1d11471.053263965843!2d12.6027778!3d44.0469444!3m2!1i1024!2i768!4f13.1!3m3!1m2!1s0x0%3A0x132fc8afaa4ae0c1!2sHotel%20Globus!5e0!3m2!1sit!2sit!4v1615461459765!5m2!1sit!2sit\" width=\"100%\" height=\"100%\" style=\"border:0;min-height:450px;\" allowfullscreen=\"\" loading=\"lazy\"><\/iframe>\n    <\/div>\n<\/div>\n\n<div class=\"wao-blocks-row row d-none d-md-block\" >\n    \n\n<div class=\"col-12 col-md-12 diagonale-basso-sx py-5\"\n     \n\t \n\t>\n            <\/div>\n<\/div>\n<\/section>\n\n<section class=\"wao-blocks-container container-fluid mb-2\"\n\t\t>\n    \n<div class=\"wao-blocks-row row\" >\n    \n\n<div class=\"col-12 col-md-12\"\n     \n\t \n\tdata-cof=\"true\"\n    data-cof-rule=\"padding, 1rem, 2rem, 2rem, 3rem, 3rem\" >\n        \n\n<h3 class=\"has-text-align-center h2 pb-4 wp-block-heading\">Angebot anfordern<\/h3>\n\n\n<div class=\"mx-auto\" style=\"max-width:1280px;\">\n\n\n<div class=\"merida_root\" id=\"merida_block\"><\/div>\n\n<script>\nvar merida_config_merida_block = {\n    customerId: 663 ,\n    showSuccessModal : true,\n    rootEl: \"merida_block\",\n    childrenAgeMax: 16,\n    childrenAgeMin: 0,\n    layout: \"default\",\n    language: \"de\",\n                theme : {\n        colors: {\n            primary: '#2cb91f',\n            primaryTextAlt: '#ffffff',\n            secondary: '#232e45',\n            secondaryTextAlt: '#ffffff',\n            text: '#3e464c',\n            error: '#cc0033',\n            formBackground: '#ffffff',\n            label: '#4d4d4d',\n            labelInput: '#333333',\n            labelInputActive: '#7ebd6d',\n            inputBackground: '#eeeeee',\n            inputBorder: '#eeeeee',\n            checkboxBorder: '#eeeeee',\n        }\n    },\n    onSuccess : function(res) {\n        \n                        if (typeof(ga) !== 'undefined') {\n                   ga('send', 'event', 'Email', 'Invio', 'Form');\n                }\n                    }\n};\n\n(function(url, cb) {\n    var s = document.createElement(\"script\");\n    s.type = \"text\/javascript\";\n\n    if (s.readyState) { \/\/IE\n        s.onreadystatechange = function() {\n            if (s.readyState == \"loaded\" || s.readyState == \"complete\") {\n                s.onreadystatechange = null;\n                cb();\n            }\n        };\n    } else { \/\/Others\n        s.onload = function() {\n            cb();\n        };\n    }\n\n    s.src = url;\n    document.getElementsByTagName(\"head\")[0].appendChild(s);\n})(\"https:\/\/static.adriasonline.it\/merida\/latest\/merida.js\", function() {\n    window.aoForm = merida(merida_config_merida_block);\n});\n<\/script>\n\n<\/div>\n    <\/div>\n<\/div>\n<\/section>\n\n<section class=\"wao-blocks-container container-fluid mb-0 g--bkg-dark-01 diagonale-footer\"\n\t\t>\n    \n<div class=\"wao-blocks-row row\" >\n    \n\n<div class=\"col-12 col-md-12 py-3\"\n     \n\t \n\tdata-cof=\"true\"\n    data-cof-rule=\"height,  50px,  50px,  50px,  50px,  50px\" >\n            <\/div>\n<\/div>\n\n\n<p><\/p>\n\n<\/section>","protected":false},"excerpt":{"rendered":"","protected":false},"author":1,"featured_media":0,"parent":0,"menu_order":0,"comment_status":"closed","ping_status":"closed","template":"","meta":{"footnotes":""},"class_list":["post-467","page","type-page","status-publish","hentry"],"_links":{"self":[{"href":"https:\/\/www.hotelglobus.rimini.it\/de\/wp-json\/wp\/v2\/pages\/467","targetHints":{"allow":["GET"]}}],"collection":[{"href":"https:\/\/www.hotelglobus.rimini.it\/de\/wp-json\/wp\/v2\/pages"}],"about":[{"href":"https:\/\/www.hotelglobus.rimini.it\/de\/wp-json\/wp\/v2\/types\/page"}],"author":[{"embeddable":true,"href":"https:\/\/www.hotelglobus.rimini.it\/de\/wp-json\/wp\/v2\/users\/1"}],"replies":[{"embeddable":true,"href":"https:\/\/www.hotelglobus.rimini.it\/de\/wp-json\/wp\/v2\/comments?post=467"}],"version-history":[{"count":10,"href":"https:\/\/www.hotelglobus.rimini.it\/de\/wp-json\/wp\/v2\/pages\/467\/revisions"}],"predecessor-version":[{"id":886,"href":"https:\/\/www.hotelglobus.rimini.it\/de\/wp-json\/wp\/v2\/pages\/467\/revisions\/886"}],"wp:attachment":[{"href":"https:\/\/www.hotelglobus.rimini.it\/de\/wp-json\/wp\/v2\/media?parent=467"}],"curies":[{"name":"wp","href":"https:\/\/api.w.org\/{rel}","templated":true}]}}