{"id":472,"date":"2021-03-12T15:24:43","date_gmt":"2021-03-12T14:24:43","guid":{"rendered":"http:\/\/www.hotelglobus.rimini.it\/?page_id=472"},"modified":"2021-03-15T14:54:31","modified_gmt":"2021-03-15T13:54:31","slug":"dove-siamo","status":"publish","type":"page","link":"https:\/\/www.hotelglobus.rimini.it\/de\/dove-siamo\/","title":{"rendered":"Wo wir sind"},"content":{"rendered":"<div id=\"flc-carousel\" data-cellalign=\"center\" data-bglazyload=\"1\" data-freescroll=\"false\" data-wraparound=\"true\" data-autoplay=\"5000\" data-pauseautoplayonhover =\"true\" data-prevnextbuttons=\"false\" data-contain=\"true\" data-pagedots=\"true\" data-draggable=\"false\" data-groupcells=\"1\" data-fade=\"false\" class=\"js--flickity wao-blocks-slider diagonale-basso-destra flc-carousel-6390\"  style=\"margin-bottom: 35px\">\n\n                            <div class=\"w-100\">\n                    \n    <div style='background: url(http:\/\/www.hotelglobus.rimini.it\/wp-content\/uploads\/2021\/03\/top-dove-001.jpg)center center ; background-blend-mode: multiply; background-size: cover; height: 75vh; background-position: 50% 50%;' class='wao-blocks-flc-banner'>\n        <div \n            class='carousel-caption mobile-tablet-centered text-center' \n                        style='max-width: 100%; bottom: 50%; background-color:  ; margin:  auto            '>\n            \n\n<p class=\"has-text-align-center display-1 text-primary font-weight-500\">Rimini<\/p>\n\n        <\/div>\n        <style>\n            @media screen and (max-width: 992px) {\n                .mobile-tablet-centered {\n                    margin: auto !important;\n                }\n            }\n        <\/style>\n    <\/div>\n    \n                <\/div>\n            \n<\/div>\n\n<section class=\"wao-blocks-container container-fluid mb-0 diagonale-basso-destra\"\n\t\t>\n    \n<div class=\"wao-blocks-row row\" >\n    \n\n<div class=\"col-12 col-md-12 text-center\"\n     \n\t \n\tdata-cof=\"true\"\n    data-cof-rule=\"padding,1rem,2rem,2rem,3rem, 3rem\" >\n        \n\n<div class=\"breadcrumb-block\"\n    >\n    <div class=\"text-secondary small\">\n        <a href=\"https:\/\/www.hotelglobus.rimini.it\/de\" rel=\"nofollow\" title=\"Startseite\">Startseite &gt;<\/a>\n        Wo wir sind    <\/div>\n<\/div>\n\n\n<h1 class=\"has-text-align-center pb-4 wp-block-heading\">In der N\u00e4he des Meeres von Rimini<\/h1>\n\n\n<div class=\"mx-auto\" style=\"max-width:1280px;\">\n\n\n<p class=\"has-text-align-center\">Das Hotel Globus befindet sich in der Viale Regina Margherita n 29 in Bellariva und ist nur wenige Gehminuten vom Strand entfernt.<strong> 50 Meter vom Meer von Rimini,<\/strong> in einer perfekten Lage, um den Strand in wenigen Schritten zu erreichen, aber auch um die <strong>das historische Zentrum von Rimini, die Vergn\u00fcgungsparks<\/strong> oder zum Entdecken der<strong>Romagna Hinterland<\/strong>.<\/p>\n\n\n<\/div>\n    <\/div>\n<\/div>\n<\/section>\n\n<section class=\"wao-blocks-container container-fluid mb-5 g--bkg-dark-03 diagonale-sopra-sotto\"\n\t\t>\n    \n<div class=\"wao-blocks-row row d-none d-md-block\" >\n    \n\n<div class=\"col-12 col-md-12 py-5\"\n     \n\t \n\t>\n            <\/div>\n<\/div>\n\n<div class=\"wao-blocks-row row\" >\n    \n\n<div class=\"col-12 col-md-12 col-lg-6\"\n     \n\t \n\tdata-cof=\"true\"\n    data-cof-rule=\"padding, 3rem \u200b1rem, 2rem,3rem, 3rem, 3rem\" >\n        \n\n<h3 class=\"h2 text-secondary wp-block-heading\">Bellariva, ein Stadtteil voller Dienstleistungen<\/h3>\n\n\n\n<hr class=\"wp-block-separator g--b-c-02 mx-auto\"\/>\n\n\n\n<p>Das Hotel Globus befindet sich <strong>in der N\u00e4he der wichtigsten Dienstleistungen<\/strong> wie Banken, Apotheken und Post, f\u00fcr einen wirklich komfortablen Aufenthalt.&nbsp;<\/p>\n\n\n\n<p>Dar\u00fcber hinaus ist unser Hotel nur 4 km von der <strong>Konferenzzentrum Rimini <\/strong>und 10 km von <strong>Kongresszentrum Riccione<\/strong>zwei der wichtigsten Strukturen der Riviera Romagnola, um Seminare, Meetings und Events zu verfolgen, <strong>Fiabilandia<\/strong> ist nur 2 km entfernt, <strong>Oltremare und Aquafan<\/strong> sind 10 km entfernt, <strong>Italien in Miniatur<\/strong> ist 11 km entfernt, w\u00e4hrend der Spielplatz von <strong>Mirabilandia<\/strong> befindet sich 45 km von Bellariva di Rimini entfernt.<\/p>\n\n    <\/div>\n\n\n<div class=\"col-12 col-md-12 col-lg-6 px-0 pt-0 pb-4\"\n     \n\t \n\t>\n        \n<div class=\"barra g--bkg-dark-02 position-absolute bottom-0 start-0  js--hideme\" data-anim=\"fadeInLeft\"><\/div>\n\n    <figure\n        class=\"wao-blocks-immagine-bkg h-100 w-100 mt-10 mb-0\"\n        style=\"background: url('http:\/\/www.hotelglobus.rimini.it\/wp-content\/uploads\/2021\/03\/palacongressi-rimini.jpg') center center \/ cover no-repeat; min-height: 400px;\"\n        >\n            <\/figure>\n\n\n<div class=\"d-flex justify-content-end\"><div class=\"barra g--bkg-dark-01 js--hideme\" data-anim=\"fadeInRight\"><\/div><\/div>\n    <\/div>\n<\/div>\n\n<div class=\"wao-blocks-row row d-none d-md-block\" >\n    \n\n<div class=\"col-12 col-md-12 py-5\"\n     \n\t \n\t>\n            <\/div>\n<\/div>\n<\/section>\n\n<section class=\"wao-blocks-container container-fluid mb-5\"\n\t\t>\n    \n<div class=\"wao-blocks-row row\" >\n    \n\n<div class=\"col-12 col-md-12 col-lg-6 px-0 pt-0 pb-4 order-lg-1 order-2\"\n     \n\t \n\t>\n        \n<div class=\"barra g--bkg-dark-02 position-absolute bottom-0 start-0  js--hideme\" data-anim=\"fadeInLeft\"><\/div>\n\n<iframe class=\"js--lazy-load\" data-src=\"https:\/\/www.google.com\/maps\/embed?pb=!1m14!1m8!1m3!1d11471.053263965843!2d12.6027778!3d44.0469444!3m2!1i1024!2i768!4f13.1!3m3!1m2!1s0x0%3A0x132fc8afaa4ae0c1!2sHotel%20Globus!5e0!3m2!1sit!2sit!4v1615461459765!5m2!1sit!2sit\" width=\"100%\" height=\"100%\" style=\"border:0;min-height:450px;\" allowfullscreen=\"\" loading=\"lazy\"><\/iframe>\n\n<div class=\"d-flex justify-content-end\"><div class=\"barra g--bkg-dark-01 js--hideme\" data-anim=\"fadeInRight\"><\/div><\/div>\n    <\/div>\n\n\n<div class=\"col-12 col-md-12 col-lg-6 order-lg-2 order-1\"\n     \n\t \n\tdata-cof=\"true\"\n    data-cof-rule=\"padding, 3rem \u200b1rem, 2rem,3rem, 3rem, 3rem\" >\n        \n\n<h3 class=\"h2 text-secondary wp-block-heading\">Wie Sie uns erreichen<\/h3>\n\n\n\n<hr class=\"wp-block-separator g--b-c-01 mx-auto\"\/>\n\n\n\n<p>Wenn <strong>Autoreisen<\/strong>wir raten Ihnen, die Ausfahrt der Autobahn zu nehmen <strong>Rimini S\u00fcd<\/strong>. Von der Autobahnausfahrt ben\u00f6tigen Sie ca. 14 Minuten und 5 km bis zum Globus Hotel in Rimini.<\/p>\n\n\n\n<p>Wenn <strong>Ank\u00fcnfte mit der Bahn<\/strong>Die Bushaltestelle befindet sich direkt vor dem Hauptbahnhof von Rimini. Von hier aus k\u00f6nnen Sie die Buslinie 11 nehmen, die in 20 Minuten direkt vor dem Hotel Globus ankommt. Alternativ k\u00f6nnen Sie auch einen Bus vom Bahnhof Rimini nehmen. <strong>Taxi<\/strong>Die Entfernung betr\u00e4gt ca. 4 km und die Telefonnummer, um es zu buchen, ist 50020, aber im Allgemeinen finden Sie mehrere direkt vor dem Bahnhofseingang.<\/p>\n\n\n\n<p>L'<strong>Rimini Federico Fellini Flughafen von<\/strong>ist 4 km vom Hotel Globus entfernt, mit dem es sowohl per Bus als auch per Taxi gut verbunden ist.&nbsp;<\/p>\n\n\n\n<p>Konsultieren Sie die Karte unten, um die verschiedenen Routen von den wichtigsten Sehensw\u00fcrdigkeiten zu sehen.<\/p>\n\n    <\/div>\n<\/div>\n<\/section>\n\n<section class=\"wao-blocks-container container-fluid mb-0 sf-newsletter diagonale-sopra-sotto\"\n\t\t>\n    \n<div class=\"wao-blocks-row row d-none d-md-block\" >\n    \n\n<div class=\"col-12 col-md-12 diagonale-basso-sx py-5\"\n     \n\t \n\t>\n            <\/div>\n<\/div>\n\n<div class=\"wao-blocks-row row\" >\n    \n\n<div class=\"col-12 col-md-6 d-flex align-items-center\"\n     \n\t \n\tdata-cof=\"true\"\n    data-cof-rule=\"padding, 3rem 1rem, 2rem, 2rem, 3rem, 5rem 3rem\" >\n        \n<div>\n\n\n<h3 class=\"has-text-align-center h2 pb-4 wp-block-heading\">Abonnieren Sie den Newsletter<\/h3>\n\n\n\n<p class=\"has-text-align-center\">Registrieren Sie sich und bleiben Sie auf dem Laufenden \u00fcber Angebote und Neuigkeiten<\/p>\n\n\n<div class=\"mx-auto\" style=\"max-width:450px;\">\n\n<script src=\"https:\/\/www.google.com\/recaptcha\/enterprise.js?render=6LdKs-6Lc3xMIcAAAAAO2K3CkgGUYb6BcsBOk289jP7NUP\"><\/script>\n<div class=\"l--box-newsletter wao-blocks-nav-tab\" >\n    <form class=\"custom\" name=\"iscrizione_newsletter\" id=\"iscrizione_newsletter\" method=\"post\" autocomplete=\"OFF\" action=\"\">\n        <fieldset>\n            <div class=\"form-group column\">\n                                <div class=\"col-12 col-lg-12 mx-auto\">\n                    <input type=\"text\" class=\"form-control my-2\" id=\"news_nome\" name=\"nome\" placeholder=\"Name*\">\n                <\/div>\n                <div class=\"col-12 col-lg-12 mx-auto\">\n                    <input type=\"text\" class=\"form-control my-2\" id=\"news_email\" name=\"email\" value=\"\" placeholder=\"E-Mail*\">\n                <\/div>\n                <div id=\"newsletter\" class=\"col-12 col-lg-12 mx-auto\">\n<input value=\"on\" type=\"checkbox\" name=\"news_privacy\" id=\"news_privacy\">\n<label for=\"news_privacy\">*\n    <small>\n        <a href=\"javascript:void(0)\" title=\"Datenschutz\"\n            class=\"privacy link-privacy-policy\" style=\"cursor: pointer;\">\n            Ich akzeptiere Datenschutz\n        <\/a>\n    <\/small>\n<\/label>\n<\/div>                <div class=\"col-12 col-lg-12 mx-auto\">\n                    <button class=\"btn btn-primary btn-block text-uppercase rounded-20\"type=\"submit\" id=\"iscrizioneNewsletter\">\n                        Anmelden\n                    <\/button>\n                    <input name=\"dominio\" type=\"hidden\" value=\"https:\/\/www.hotelglobus.rimini.it\/de\/\">\n                    <input name=\"idHotel\" type=\"hidden\" value=\"663\">\n                    <input name=\"lingua\" type=\"hidden\" value=\"it\">\n                <\/div>\n            <\/div>\n        <\/fieldset>\n    <input type=\"hidden\" name=\"trp-form-language\" value=\"de\"\/><\/form>\n<\/div>\n<div id=\"divAlert\" class=\"h-50 w-50 m-auto alert-info d-none\" style=\"position: fixed; top: 10px; left: 10px; right: 10px; bottom: 10px; z-index: 2000; overflow: auto\">\n\t<div class=\"text-right\">\n\t\t<a class=\"btn btn-primary btn_chiudi\" href=\"javascript:void(0)\" onclick=\"location.reload(true);\" title=\"Schlie\u00dfen\"><i class=\"fa fa-times\" aria-hidden=\"true\"><\/i><\/a>\n\t<\/div>\n\t<div class=\"text-center alert-info l--align-middle-vertical\" style=\"height: calc(100% - 50px);\">\n\t\t<div class=\"logo\"><\/div>\n\t\t<div class=\"text-center h-50 w-50\">\n\t\t\t<span class=\"display-3\"><i class=\"fa fa-paper-plane\" aria-hidden=\"true\"><\/i><\/span>\n\t\t\t<h4>Newsletter-Abonnement erfolgreich abgeschlossen<\/h4>\n\t\t<\/div>\n\t<\/div>\n<\/div>\n\n\n<\/div>\n\n<\/div>\n    <\/div>\n\n\n<div class=\"col-12 col-md-6\"\n     \n\t \n\tdata-cof=\"true\"\n    data-cof-rule=\"padding, 3rem 1rem, 2rem, 2rem, 3rem, 5rem 3rem\" >\n        \n\n<h3 class=\"has-text-align-center h2 pb-4 wp-block-heading\">Was sie \u00fcber uns sagen<\/h3>\n\n\n<div id=\"innerblocks-slider-parent1\" data-wraparound='true' data-cellalign=\"right\" data-bglazyload=\"1\" data-freescroll=\"false\" data-autoplay=\"2000\" data-pauseautoplayonhover =\"true\" data-prevnextbuttons=\"false\" data-contain=\"true\" data-pagedots=\"true\" data-draggable=\"true\"  class=\"wrap-desktop js--flickity wao-blocks-slider innerblocks-slider-parent-92120\"  style=\"margin-bottom: 35px\">\n            <div class=\"col-12 col-md-12 col-lg-12 p-0\" style=\"height:auto\">\n            \n    <div \n        class='innerblocks-slider-child wao-blocks-innerblocks-slider-child' \n        >\n        \n\n<p class=\"has-text-align-center\"><strong>Entspannung pur<\/strong><\/p>\n\n\n\n<p>Ich habe in diesem Hotel mit meiner Familie \u00fcbernachtet wir hatten eine tolle Zeit sehr hilfsbereites Personal Ich bat darum, die Zimmer zu wechseln, weil ich die 4 Etage wollte ich wurde sofort akzeptiert Ich m\u00f6chte das L\u00e4cheln und die Freundlichkeit von Fr\u00e4ulein Sara ein Dankesch\u00f6n an alle das Personal sind wunderbar zu berichten<br>Saubere, frische und variable Lebensmittel. Bis zum n\u00e4chsten Jahr. Eine Umarmung<\/p>\n\n\n\n<p><em>Marisa D<\/em><\/p>\n\n    <\/div>\n    <style>\n        @media screen and (max-width: 992px) {\n            .innerblocks-slider-child {\n                margin: auto !important;\n            }\n        }\n    <\/style>\n  \n\n        <\/div>\n            <div class=\"col-12 col-md-12 col-lg-12 p-0\" style=\"height:auto\">\n            \n    <div \n        class='innerblocks-slider-child wao-blocks-innerblocks-slider-child' \n        >\n        \n\n<p class=\"has-text-align-center\"><strong>Sch\u00f6ner Urlaub<\/strong><\/p>\n\n\n\n<p>Meine Familie und ich hatten eine wirklich tolle Zeit in dieser Anlage!<br>Tolles Essen, Animation mit Sofia und Salah sehr einnehmend. Meine Tochter hatte eine tolle Zeit.<br>Komfortabler Pool, gem\u00fctliches Strandbad.<\/p>\n\n\n\n<p><em>Loredana<\/em><\/p>\n\n    <\/div>\n    <style>\n        @media screen and (max-width: 992px) {\n            .innerblocks-slider-child {\n                margin: auto !important;\n            }\n        }\n    <\/style>\n  \n\n        <\/div>\n            <div class=\"col-12 col-md-12 col-lg-12 p-0\" style=\"height:auto\">\n            \n    <div \n        class='innerblocks-slider-child wao-blocks-innerblocks-slider-child' \n        >\n        \n\n<p class=\"has-text-align-center\"><strong>Zufrieden<\/strong><\/p>\n\n\n\n<p>Ich verbrachte 7 Tage im Hotel Globus Ich muss sagen, dass wir sehr gut waren die K\u00fcche ist nicht aufwendig, aber sehr gut f\u00fchlen Sie sich die Aromen der Vergangenheit als die gebackenen Nudeln mit Fleischb\u00e4llchen im Inneren, die mich an meine Mutter erinnert, wollte ich auch die Freundlichkeit und das L\u00e4cheln von Miss Sara zu berichten. Zimmer ok, Sauberkeit ok, H\u00f6flichkeit ok. Eine Umarmung an alle bis zum n\u00e4chsten Jahr.<\/p>\n\n\n\n<p><em>Giusy P<\/em><\/p>\n\n    <\/div>\n    <style>\n        @media screen and (max-width: 992px) {\n            .innerblocks-slider-child {\n                margin: auto !important;\n            }\n        }\n    <\/style>\n  \n        <\/div>\n    <\/div>\n<div id=\"innerblocks-slider-parent2\"  data-wraparound='true' data-cellalign=\"right\" data-bglazyload=\"1\" data-freescroll=\"false\" data-autoplay=\"2000\" data-pauseautoplayonhover =\"true\" data-prevnextbuttons=\"false\" data-contain=\"true\" data-pagedots=\"true\" data-draggable=\"true\" class=\"wrap-mobile js--flickity wao-blocks-slider innerblocks-slider-parent-92120\"  style=\"margin-bottom: 35px\">\n            <div class=\"col-12 col-md-12 col-lg-12 p-0\" style=\"height:auto\">\n            \n    <div \n        class='innerblocks-slider-child wao-blocks-innerblocks-slider-child' \n        >\n        \n\n<p class=\"has-text-align-center\"><strong>Entspannung pur<\/strong><\/p>\n\n\n\n<p>Ich habe in diesem Hotel mit meiner Familie \u00fcbernachtet wir hatten eine tolle Zeit sehr hilfsbereites Personal Ich bat darum, die Zimmer zu wechseln, weil ich die 4 Etage wollte ich wurde sofort akzeptiert Ich m\u00f6chte das L\u00e4cheln und die Freundlichkeit von Fr\u00e4ulein Sara ein Dankesch\u00f6n an alle das Personal sind wunderbar zu berichten<br>Saubere, frische und variable Lebensmittel. Bis zum n\u00e4chsten Jahr. Eine Umarmung<\/p>\n\n\n\n<p><em>Marisa D<\/em><\/p>\n\n    <\/div>\n    <style>\n        @media screen and (max-width: 992px) {\n            .innerblocks-slider-child {\n                margin: auto !important;\n            }\n        }\n    <\/style>\n  \n\n        <\/div>\n            <div class=\"col-12 col-md-12 col-lg-12 p-0\" style=\"height:auto\">\n            \n    <div \n        class='innerblocks-slider-child wao-blocks-innerblocks-slider-child' \n        >\n        \n\n<p class=\"has-text-align-center\"><strong>Sch\u00f6ner Urlaub<\/strong><\/p>\n\n\n\n<p>Meine Familie und ich hatten eine wirklich tolle Zeit in dieser Anlage!<br>Tolles Essen, Animation mit Sofia und Salah sehr einnehmend. Meine Tochter hatte eine tolle Zeit.<br>Komfortabler Pool, gem\u00fctliches Strandbad.<\/p>\n\n\n\n<p><em>Loredana<\/em><\/p>\n\n    <\/div>\n    <style>\n        @media screen and (max-width: 992px) {\n            .innerblocks-slider-child {\n                margin: auto !important;\n            }\n        }\n    <\/style>\n  \n\n        <\/div>\n            <div class=\"col-12 col-md-12 col-lg-12 p-0\" style=\"height:auto\">\n            \n    <div \n        class='innerblocks-slider-child wao-blocks-innerblocks-slider-child' \n        >\n        \n\n<p class=\"has-text-align-center\"><strong>Zufrieden<\/strong><\/p>\n\n\n\n<p>Ich verbrachte 7 Tage im Hotel Globus Ich muss sagen, dass wir sehr gut waren die K\u00fcche ist nicht aufwendig, aber sehr gut f\u00fchlen Sie sich die Aromen der Vergangenheit als die gebackenen Nudeln mit Fleischb\u00e4llchen im Inneren, die mich an meine Mutter erinnert, wollte ich auch die Freundlichkeit und das L\u00e4cheln von Miss Sara zu berichten. Zimmer ok, Sauberkeit ok, H\u00f6flichkeit ok. Eine Umarmung an alle bis zum n\u00e4chsten Jahr.<\/p>\n\n\n\n<p><em>Giusy P<\/em><\/p>\n\n    <\/div>\n    <style>\n        @media screen and (max-width: 992px) {\n            .innerblocks-slider-child {\n                margin: auto !important;\n            }\n        }\n    <\/style>\n  \n        <\/div>\n    <\/div>\n    <\/div>\n<\/div>\n\n<div class=\"wao-blocks-row row d-none d-md-block\" >\n    \n\n<div class=\"col-12 col-md-12 diagonale-basso-sx py-5\"\n     \n\t \n\t>\n            <\/div>\n<\/div>\n<\/section>\n\n<section class=\"wao-blocks-container container-fluid mb-2\"\n\t\t>\n    \n<div class=\"wao-blocks-row row\" >\n    \n\n<div class=\"col-12 col-md-12\"\n     \n\t \n\tdata-cof=\"true\"\n    data-cof-rule=\"padding, 1rem, 2rem, 2rem, 3rem, 3rem\" >\n        \n\n<h3 class=\"has-text-align-center h2 pb-4 wp-block-heading\">Angebot anfordern<\/h3>\n\n\n<div class=\"mx-auto\" style=\"max-width:1280px;\">\n\n\n<div class=\"merida_root\" id=\"merida_block\"><\/div>\n\n<script>\nvar merida_config_merida_block = {\n    customerId: 663 ,\n    showSuccessModal : true,\n    rootEl: \"merida_block\",\n    childrenAgeMax: 16,\n    childrenAgeMin: 0,\n    layout: \"default\",\n    language: \"de\",\n                theme : {\n        colors: {\n            primary: '#2cb91f',\n            primaryTextAlt: '#ffffff',\n            secondary: '#232e45',\n            secondaryTextAlt: '#ffffff',\n            text: '#3e464c',\n            error: '#cc0033',\n            formBackground: '#ffffff',\n            label: '#4d4d4d',\n            labelInput: '#333333',\n            labelInputActive: '#7ebd6d',\n            inputBackground: '#eeeeee',\n            inputBorder: '#eeeeee',\n            checkboxBorder: '#eeeeee',\n        }\n    },\n    onSuccess : function(res) {\n        \n                        if (typeof(ga) !== 'undefined') {\n                   ga('send', 'event', 'Email', 'Invio', 'Form');\n                }\n                    }\n};\n\n(function(url, cb) {\n    var s = document.createElement(\"script\");\n    s.type = \"text\/javascript\";\n\n    if (s.readyState) { \/\/IE\n        s.onreadystatechange = function() {\n            if (s.readyState == \"loaded\" || s.readyState == \"complete\") {\n                s.onreadystatechange = null;\n                cb();\n            }\n        };\n    } else { \/\/Others\n        s.onload = function() {\n            cb();\n        };\n    }\n\n    s.src = url;\n    document.getElementsByTagName(\"head\")[0].appendChild(s);\n})(\"https:\/\/static.adriasonline.it\/merida\/latest\/merida.js\", function() {\n    window.aoForm = merida(merida_config_merida_block);\n});\n<\/script>\n\n<\/div>\n    <\/div>\n<\/div>\n<\/section>\n\n<section class=\"wao-blocks-container container-fluid mb-0 g--bkg-dark-01 diagonale-footer\"\n\t\t>\n    \n<div class=\"wao-blocks-row row\" >\n    \n\n<div class=\"col-12 col-md-12 py-3\"\n     \n\t \n\tdata-cof=\"true\"\n    data-cof-rule=\"height,  50px,  50px,  50px,  50px,  50px\" >\n            <\/div>\n<\/div>\n\n\n<p><\/p>\n\n<\/section>","protected":false},"excerpt":{"rendered":"","protected":false},"author":1,"featured_media":0,"parent":0,"menu_order":0,"comment_status":"closed","ping_status":"closed","template":"","meta":{"footnotes":""},"class_list":["post-472","page","type-page","status-publish","hentry"],"_links":{"self":[{"href":"https:\/\/www.hotelglobus.rimini.it\/de\/wp-json\/wp\/v2\/pages\/472","targetHints":{"allow":["GET"]}}],"collection":[{"href":"https:\/\/www.hotelglobus.rimini.it\/de\/wp-json\/wp\/v2\/pages"}],"about":[{"href":"https:\/\/www.hotelglobus.rimini.it\/de\/wp-json\/wp\/v2\/types\/page"}],"author":[{"embeddable":true,"href":"https:\/\/www.hotelglobus.rimini.it\/de\/wp-json\/wp\/v2\/users\/1"}],"replies":[{"embeddable":true,"href":"https:\/\/www.hotelglobus.rimini.it\/de\/wp-json\/wp\/v2\/comments?post=472"}],"version-history":[{"count":9,"href":"https:\/\/www.hotelglobus.rimini.it\/de\/wp-json\/wp\/v2\/pages\/472\/revisions"}],"predecessor-version":[{"id":820,"href":"https:\/\/www.hotelglobus.rimini.it\/de\/wp-json\/wp\/v2\/pages\/472\/revisions\/820"}],"wp:attachment":[{"href":"https:\/\/www.hotelglobus.rimini.it\/de\/wp-json\/wp\/v2\/media?parent=472"}],"curies":[{"name":"wp","href":"https:\/\/api.w.org\/{rel}","templated":true}]}}