{"id":481,"date":"2021-03-12T15:39:01","date_gmt":"2021-03-12T14:39:01","guid":{"rendered":"http:\/\/www.hotelglobus.rimini.it\/?page_id=481"},"modified":"2022-05-20T11:55:08","modified_gmt":"2022-05-20T09:55:08","slug":"listino","status":"publish","type":"page","link":"https:\/\/www.hotelglobus.rimini.it\/fr\/listino\/","title":{"rendered":"Liste"},"content":{"rendered":"<section class=\"wao-blocks-container container-fluid mb-2\"\n\t\t>\n    \n<div class=\"wao-blocks-row row\" >\n    \n\n<div class=\"col-12 col-md-12 text-center\"\n     \n\t \n\tdata-cof=\"true\"\n    data-cof-rule=\"padding, 1rem, 2rem, 2rem, 3rem, 3rem\" >\n        \n\n<div class=\"breadcrumb-block\"\n    >\n    <div class=\"text-secondary small\">\n        <a href=\"https:\/\/www.hotelglobus.rimini.it\/fr\" rel=\"nofollow\" title=\"Accueil\">Accueil &gt;<\/a>\n        Liste    <\/div>\n<\/div>\n\n\n<h1 class=\"has-text-align-center pb-4 wp-block-heading\">Liste des prix<\/h1>\n\n\n\n<p class=\"has-text-align-center\">L'h\u00f4tel Globus est un h\u00f4tel annuel, nous sommes en effet <strong>ouvert toute l'ann\u00e9e<\/strong> pour des vacances reposantes ou des s\u00e9jours d'affaires. En \u00e9t\u00e9, vous pouvez choisir le mod\u00e8le pratique <strong><strong>Pension compl\u00e8te avec boissons<\/strong><\/strong> avec de nombreux services pratiques inclus, en plus du traitement du <strong>Demi-pension ou petit-d\u00e9jeuner uniquement.<\/strong><\/p>\n\n\n\n<p><\/p>\n\n    <\/div>\n\n\n<div class=\"col-12 col-lg-6 g--bkg-dark-02 text-white\"\n     \n\t \n\tdata-cof=\"true\"\n    data-cof-rule=\"padding, 1rem, 2rem, 2rem, 3rem, 3rem\" >\n        \n\n<h3 class=\"text-white wp-block-heading\">La formule pension compl\u00e8te avec boissons comprend :<\/h3>\n\n\n\n<hr class=\"wp-block-separator g--b-c-02 mx-auto\"\/>\n\n\n\n<ul class=\"wp-block-list\"><li>Petit-d\u00e9jeuner buffet<\/li><li>Choix de menu viande ou poisson pour le d\u00e9jeuner et le d\u00eener, accompagn\u00e9 d'un buffet de l\u00e9gumes chauds\/froids.<\/li><li>Eau en bouteille et vin inclus avec les repas. Le coca-cola, le fanta, le sprite en canettes et la bi\u00e8re en bouteille, ainsi que le service de bar, sont pay\u00e9s s\u00e9par\u00e9ment.<\/li><li>Climatisation, coffre-fort et t\u00e9l\u00e9vision dans la chambre<\/li><li>Wi-Fi gratuit<\/li><\/ul>\n\n    <\/div>\n\n\n<div class=\"col-12 col-lg-6 g--bkg-dark-03\"\n     \n\t \n\tdata-cof=\"true\"\n    data-cof-rule=\"padding, 1rem, 2rem, 2rem, 3rem, 3rem\" >\n        \n\n<h3 class=\"wp-block-heading\">La formule en demi-pension comprend :<\/h3>\n\n\n\n<hr class=\"wp-block-separator g--b-c-02 mx-auto\"\/>\n\n\n\n<ul class=\"wp-block-list\"><li>Petit-d\u00e9jeuner buffet<\/li><li>Choix du menu viande ou poisson pour le d\u00eener, accompagn\u00e9 d'un buffet de l\u00e9gumes chauds\/froids.<\/li><li>Boissons incluses dans les repas. Le service de bar n'est pas inclus<\/li><li>Climatisation \/ Chauffage, coffre-fort et t\u00e9l\u00e9vision dans la chambre<\/li><li>Wi-Fi gratuit<\/li><\/ul>\n\n\n\n<p><strong>R\u00c9DUCTIONS POUR LES ENFANTS <\/strong>(valable pour les familles d'au moins trois personnes)<\/p>\n\n\n\n<ul class=\"wp-block-list\"><li>jusqu'\u00e0 5 ans gratuit<\/li><li>de 5 \u00e0 13 ans R\u00e9duction 50%<\/li><\/ul>\n\n    <\/div>\n\n\n<div class=\"col-12\"\n     \n\t \n\tdata-cof=\"true\"\n    data-cof-rule=\"padding, 1rem, 2rem, 2rem, 3rem, 3rem\" >\n        \n\n<p class=\"has-text-align-center\">Contactez nous maintenant pour demander <strong>plus d'informations<\/strong> ou un <strong>devis personnalis\u00e9<\/strong>.<\/p>\n\n    <\/div>\n<\/div>\n<\/section>\n\n<section class=\"wao-blocks-container container-fluid mb-0 g--bkg-dark-02 diagonale-sopra-sotto\"\n\t\t>\n    \n<div class=\"wao-blocks-row row d-none d-md-block\" >\n    \n\n<div class=\"col-12 col-md-12 py-5\"\n     \n\t \n\t>\n            <\/div>\n<\/div>\n\n<div class=\"wao-blocks-row row\" >\n    \n\n<div class=\"col-12 col-md-12\"\n     \n\t \n\tdata-cof=\"true\"\n    data-cof-rule=\"padding, 3rem 1rem, 2rem, 2rem, 3rem, 3rem\" >\n        \n\n<h2 class=\"has-text-align-center text-white h1 pb-4 wp-block-heading\">Nos offres<\/h2>\n\n\n<div class=\"mx-auto\" style=\"max-width:1280px;\">\n\n\n\t \n\n\t\t<article class=\"row\">\n\t\t\t<div class=\"col-12\">\n\t\t\t\t<div class=\"text-center alert alert-warning\">\n\t\t\t\t\t<h4>D\u00e9sol\u00e9, il n'ya pas d'offres disponibles.<\/h4>\n\t\t\t\t\t<p>Consultez la page <a href=\"https:\/\/www.hotelglobus.rimini.it\/fr\/listino\/\" title=\"Aller \u00e0 la page\"> <b>liste de prix<\/b> <\/a><\/p>\n\t\t\t\t\t\t\t\t\t<\/div>\n\t\t\t<\/div>\n\t\t<\/article>\n\t\n\n<\/div>\n    <\/div>\n<\/div>\n\n<div class=\"wao-blocks-row row d-none d-md-block\" >\n    \n\n<div class=\"col-12 col-md-12 py-5\"\n     \n\t \n\t>\n            <\/div>\n<\/div>\n<\/section>\n\n<section class=\"wao-blocks-container container-fluid mb-2\"\n\t\t>\n    \n<div class=\"wao-blocks-row row\" >\n    \n\n<div class=\"col-12 col-md-12\"\n     \n\t \n\tdata-cof=\"true\"\n    data-cof-rule=\"padding, 1rem, 2rem, 2rem, 3rem, 3rem\" >\n        \n\n<h3 class=\"has-text-align-center h2 pb-4 wp-block-heading\">Demander un devis<\/h3>\n\n\n<div class=\"mx-auto\" style=\"max-width:1280px;\">\n\n\n<div class=\"merida_root\" id=\"merida_block\"><\/div>\n\n<script>\nvar merida_config_merida_block = {\n    customerId: 663 ,\n    showSuccessModal : true,\n    rootEl: \"merida_block\",\n    childrenAgeMax: 16,\n    childrenAgeMin: 0,\n    layout: \"default\",\n    language: \"fr\",\n                theme : {\n        colors: {\n            primary: '#2cb91f',\n            primaryTextAlt: '#ffffff',\n            secondary: '#232e45',\n            secondaryTextAlt: '#ffffff',\n            text: '#3e464c',\n            error: '#cc0033',\n            formBackground: '#ffffff',\n            label: '#4d4d4d',\n            labelInput: '#333333',\n            labelInputActive: '#7ebd6d',\n            inputBackground: '#eeeeee',\n            inputBorder: '#eeeeee',\n            checkboxBorder: '#eeeeee',\n        }\n    },\n    onSuccess : function(res) {\n        \n                        if (typeof(ga) !== 'undefined') {\n                   ga('send', 'event', 'Email', 'Invio', 'Form');\n                }\n                    }\n};\n\n(function(url, cb) {\n    var s = document.createElement(\"script\");\n    s.type = \"text\/javascript\";\n\n    if (s.readyState) { \/\/IE\n        s.onreadystatechange = function() {\n            if (s.readyState == \"loaded\" || s.readyState == \"complete\") {\n                s.onreadystatechange = null;\n                cb();\n            }\n        };\n    } else { \/\/Others\n        s.onload = function() {\n            cb();\n        };\n    }\n\n    s.src = url;\n    document.getElementsByTagName(\"head\")[0].appendChild(s);\n})(\"https:\/\/static.adriasonline.it\/merida\/latest\/merida.js\", function() {\n    window.aoForm = merida(merida_config_merida_block);\n});\n<\/script>\n\n<\/div>\n    <\/div>\n<\/div>\n<\/section>\n\n<section class=\"wao-blocks-container container-fluid mb-0 g--bkg-dark-01 diagonale-footer\"\n\t\t>\n    \n<div class=\"wao-blocks-row row\" >\n    \n\n<div class=\"col-12 col-md-12 py-3\"\n     \n\t \n\tdata-cof=\"true\"\n    data-cof-rule=\"height,  50px,  50px,  50px,  50px,  50px\" >\n            <\/div>\n<\/div>\n\n\n<p><\/p>\n\n<\/section>","protected":false},"excerpt":{"rendered":"","protected":false},"author":1,"featured_media":0,"parent":0,"menu_order":0,"comment_status":"closed","ping_status":"closed","template":"","meta":{"footnotes":""},"class_list":["post-481","page","type-page","status-publish","hentry"],"_links":{"self":[{"href":"https:\/\/www.hotelglobus.rimini.it\/fr\/wp-json\/wp\/v2\/pages\/481","targetHints":{"allow":["GET"]}}],"collection":[{"href":"https:\/\/www.hotelglobus.rimini.it\/fr\/wp-json\/wp\/v2\/pages"}],"about":[{"href":"https:\/\/www.hotelglobus.rimini.it\/fr\/wp-json\/wp\/v2\/types\/page"}],"author":[{"embeddable":true,"href":"https:\/\/www.hotelglobus.rimini.it\/fr\/wp-json\/wp\/v2\/users\/1"}],"replies":[{"embeddable":true,"href":"https:\/\/www.hotelglobus.rimini.it\/fr\/wp-json\/wp\/v2\/comments?post=481"}],"version-history":[{"count":12,"href":"https:\/\/www.hotelglobus.rimini.it\/fr\/wp-json\/wp\/v2\/pages\/481\/revisions"}],"predecessor-version":[{"id":911,"href":"https:\/\/www.hotelglobus.rimini.it\/fr\/wp-json\/wp\/v2\/pages\/481\/revisions\/911"}],"wp:attachment":[{"href":"https:\/\/www.hotelglobus.rimini.it\/fr\/wp-json\/wp\/v2\/media?parent=481"}],"curies":[{"name":"wp","href":"https:\/\/api.w.org\/{rel}","templated":true}]}}