{"id":612,"date":"2021-03-15T10:23:23","date_gmt":"2021-03-15T09:23:23","guid":{"rendered":"http:\/\/www.hotelglobus.rimini.it\/?page_id=612"},"modified":"2021-03-15T10:24:01","modified_gmt":"2021-03-15T09:24:01","slug":"rimini","status":"publish","type":"page","link":"https:\/\/www.hotelglobus.rimini.it\/fr\/rimini\/","title":{"rendered":"Rimini"},"content":{"rendered":"<div id=\"flc-carousel\" data-cellalign=\"center\" data-bglazyload=\"1\" data-freescroll=\"false\" data-wraparound=\"true\" data-autoplay=\"5000\" data-pauseautoplayonhover =\"true\" data-prevnextbuttons=\"false\" data-contain=\"true\" data-pagedots=\"true\" data-draggable=\"false\" data-groupcells=\"1\" data-fade=\"false\" class=\"js--flickity wao-blocks-slider diagonale-basso-destra flc-carousel-36654\"  style=\"margin-bottom: 35px\">\n\n                            <div class=\"w-100\">\n                    \n    <div style='background: url(http:\/\/www.hotelglobus.rimini.it\/wp-content\/uploads\/2021\/03\/sf-rimini-1.jpg)center center ; background-blend-mode: multiply; background-size: cover; height: 60vh; background-position: 50% 50%;' class='wao-blocks-flc-banner'>\n        <div \n            class='carousel-caption mobile-tablet-centered text-center' \n                        style='max-width: 100%; bottom: 50%; background-color:  ; margin:  auto            '>\n            \n\n<p class=\"has-text-align-center display-1 text-primary font-weight-500\"><\/p>\n\n        <\/div>\n        <style>\n            @media screen and (max-width: 992px) {\n                .mobile-tablet-centered {\n                    margin: auto !important;\n                }\n            }\n        <\/style>\n    <\/div>\n    \n                <\/div>\n            \n<\/div>\n\n<section class=\"wao-blocks-container container-fluid mb-0 diagonale-basso-destra\"\n\t\t>\n    \n<div class=\"wao-blocks-row row\" >\n    \n\n<div class=\"col-12 col-md-12 text-center\"\n     \n\t \n\tdata-cof=\"true\"\n    data-cof-rule=\"padding,1rem,2rem,2rem,3rem, 3rem\" >\n        \n\n<div class=\"breadcrumb-block\"\n    >\n    <div class=\"text-secondary small\">\n        <a href=\"https:\/\/www.hotelglobus.rimini.it\/fr\" rel=\"nofollow\" title=\"Accueil\">Accueil &gt;<\/a>\n        Rimini    <\/div>\n<\/div>\n\n\n<h1 class=\"has-text-align-center pb-4 wp-block-heading\">Rimini, pas seulement du plaisir<\/h1>\n\n\n<div class=\"mx-auto\" style=\"max-width:1280px;\">\n\n\n<p class=\"has-text-align-center\">Rimini <strong>n'est pas seulement la ville de l'amusement<\/strong>mais aussi de la culture, du bien vivre et des foires commerciales. <br>Elle poss\u00e8de un arri\u00e8re-pays que vous ne pouvez absolument pas manquer. <br>En outre, le <strong>La plage de Rimini est l'une des plus appr\u00e9ci\u00e9es d'Italie.<\/strong>pour les nombreux services qui sont propos\u00e9s.<\/p>\n\n\n<\/div>\n    <\/div>\n<\/div>\n<\/section>\n\n<section class=\"wao-blocks-container container-fluid mb-5 g--bkg-dark-03 diagonale-sopra-sotto\"\n\t\t>\n    \n<div class=\"wao-blocks-row row d-none d-md-block\" >\n    \n\n<div class=\"col-12 col-md-12 py-5\"\n     \n\t \n\t>\n            <\/div>\n<\/div>\n\n<div class=\"wao-blocks-row row\" >\n    \n\n<div class=\"col-12 col-md-12 col-lg-6\"\n     \n\t \n\tdata-cof=\"true\"\n    data-cof-rule=\"padding, 3rem \u200b1rem, 2rem,3rem, 3rem, 3rem\" >\n        \n\n<h3 class=\"h2 text-secondary wp-block-heading\">Comment passer vos vacances \u00e0 Rimini<\/h3>\n\n\n\n<hr class=\"wp-block-separator g--b-c-02 mx-auto\"\/>\n\n\n\n<p>Outre les discoth\u00e8ques et les pubs disco les plus c\u00e9l\u00e8bres, Rimini offre \u00e9galement de nombreuses possibilit\u00e9s de divertissement, telles que <strong>manifestations<\/strong> qui, au fil des ans, sont devenus de plus en plus populaires, comme la c\u00e9l\u00e8bre Notte Rosa, la Street Parade du Molo, Calici sotto le Stelle et Al Meni.<\/p>\n\n\n\n<p>Nous vous recommandons \u00e9galement de visiter la vieille ville et l'arri\u00e8re-pays. En effet, le centre ville offre d'int\u00e9ressantes <strong>les mus\u00e9es et les \u0153uvres architecturales et historiques <\/strong>comme le mus\u00e9e de la ville, le Domus del Chirurgo, le Duomo, le Castel Sismondo et le th\u00e9\u00e2tre Galli. Alors que l'arri\u00e8re-pays combine d'excellentes <strong>cuisine typique et vue imprenable<\/strong>.<\/p>\n\n    <\/div>\n\n\n<div class=\"col-12 col-md-12 col-lg-6 px-0 pt-0 pb-4\"\n     \n\t \n\t>\n        \n<div class=\"barra g--bkg-dark-02 position-absolute bottom-0 start-0  js--hideme\" data-anim=\"fadeInLeft\"><\/div>\n\n    <figure\n        class=\"wao-blocks-immagine-bkg h-100 w-100 mt-10 mb-0\"\n        style=\"background: url('http:\/\/www.hotelglobus.rimini.it\/wp-content\/uploads\/2021\/03\/feste-tema-1024x576.jpg') center center \/ cover no-repeat; min-height: 400px;\"\n        >\n            <\/figure>\n\n\n<div class=\"d-flex justify-content-end\"><div class=\"barra g--bkg-dark-01 js--hideme\" data-anim=\"fadeInRight\"><\/div><\/div>\n    <\/div>\n<\/div>\n\n<div class=\"wao-blocks-row row d-none d-md-block\" >\n    \n\n<div class=\"col-12 col-md-12 py-5\"\n     \n\t \n\t>\n            <\/div>\n<\/div>\n<\/section>\n\n<div class=\"sf-gradient\">\n\n<section class=\"wao-blocks-container container-fluid mb-0 sf-newsletter diagonale-sopra-sotto\"\n\t\t>\n    \n<div class=\"wao-blocks-row row d-none d-md-block\" >\n    \n\n<div class=\"col-12 col-md-12 diagonale-basso-sx py-5\"\n     \n\t \n\t>\n            <\/div>\n<\/div>\n\n<div class=\"wao-blocks-row row\" >\n    \n\n<div class=\"col-12 col-md-6 d-flex align-items-center\"\n     \n\t \n\tdata-cof=\"true\"\n    data-cof-rule=\"padding, 3rem 1rem, 2rem, 2rem, 3rem, 5rem 3rem\" >\n        \n<div>\n\n\n<h3 class=\"has-text-align-center h2 pb-4 wp-block-heading\">S'abonner \u00e0 la newsletter<\/h3>\n\n\n\n<p class=\"has-text-align-center\">Inscrivez-vous et restez inform\u00e9 des offres et des nouvelles<\/p>\n\n\n<div class=\"mx-auto\" style=\"max-width:450px;\">\n\n<script src=\"https:\/\/www.google.com\/recaptcha\/enterprise.js?render=6LdKs-6Lc3xMIcAAAAAO2K3CkgGUYb6BcsBOk289jP7NUP\"><\/script>\n<div class=\"l--box-newsletter wao-blocks-nav-tab\" >\n    <form class=\"custom\" name=\"iscrizione_newsletter\" id=\"iscrizione_newsletter\" method=\"post\" autocomplete=\"OFF\" action=\"\">\n        <fieldset>\n            <div class=\"form-group column\">\n                                <div class=\"col-12 col-lg-12 mx-auto\">\n                    <input type=\"text\" class=\"form-control my-2\" id=\"news_nome\" name=\"nome\" placeholder=\"Nom*\">\n                <\/div>\n                <div class=\"col-12 col-lg-12 mx-auto\">\n                    <input type=\"text\" class=\"form-control my-2\" id=\"news_email\" name=\"email\" value=\"\" placeholder=\"Courriel*\">\n                <\/div>\n                <div id=\"newsletter\" class=\"col-12 col-lg-12 mx-auto\">\n<input value=\"on\" type=\"checkbox\" name=\"news_privacy\" id=\"news_privacy\">\n<label for=\"news_privacy\">*\n    <small>\n        <a href=\"javascript:void(0)\" title=\"confidentialit\u00e9\"\n            class=\"privacy link-privacy-policy\" style=\"cursor: pointer;\">\n            J'accepte la confidentialit\u00e9\n        <\/a>\n    <\/small>\n<\/label>\n<\/div>                <div class=\"col-12 col-lg-12 mx-auto\">\n                    <button class=\"btn btn-primary btn-block text-uppercase rounded-20\"type=\"submit\" id=\"iscrizioneNewsletter\">\n                        S'inscrire\n                    <\/button>\n                    <input name=\"dominio\" type=\"hidden\" value=\"https:\/\/www.hotelglobus.rimini.it\/fr\/\">\n                    <input name=\"idHotel\" type=\"hidden\" value=\"663\">\n                    <input name=\"lingua\" type=\"hidden\" value=\"it\">\n                <\/div>\n            <\/div>\n        <\/fieldset>\n    <input type=\"hidden\" name=\"trp-form-language\" value=\"fr\"\/><\/form>\n<\/div>\n<div id=\"divAlert\" class=\"h-50 w-50 m-auto alert-info d-none\" style=\"position: fixed; top: 10px; left: 10px; right: 10px; bottom: 10px; z-index: 2000; overflow: auto\">\n\t<div class=\"text-right\">\n\t\t<a class=\"btn btn-primary btn_chiudi\" href=\"javascript:void(0)\" onclick=\"location.reload(true);\" title=\"Fermer\"><i class=\"fa fa-times\" aria-hidden=\"true\"><\/i><\/a>\n\t<\/div>\n\t<div class=\"text-center alert-info l--align-middle-vertical\" style=\"height: calc(100% - 50px);\">\n\t\t<div class=\"logo\"><\/div>\n\t\t<div class=\"text-center h-50 w-50\">\n\t\t\t<span class=\"display-3\"><i class=\"fa fa-paper-plane\" aria-hidden=\"true\"><\/i><\/span>\n\t\t\t<h4>L'abonnement \u00e0 la newsletter a \u00e9t\u00e9 effectu\u00e9 avec succ\u00e8s<\/h4>\n\t\t<\/div>\n\t<\/div>\n<\/div>\n\n\n<\/div>\n\n<\/div>\n    <\/div>\n\n\n<div class=\"col-12 col-md-6\"\n     \n\t \n\tdata-cof=\"true\"\n    data-cof-rule=\"padding, 3rem 1rem, 2rem, 2rem, 3rem, 5rem 3rem\" >\n        \n\n<h3 class=\"has-text-align-center h2 pb-4 wp-block-heading\">Ce qu'ils disent de nous<\/h3>\n\n\n<div id=\"innerblocks-slider-parent1\" data-wraparound='true' data-cellalign=\"right\" data-bglazyload=\"1\" data-freescroll=\"false\" data-autoplay=\"2000\" data-pauseautoplayonhover =\"true\" data-prevnextbuttons=\"false\" data-contain=\"true\" data-pagedots=\"true\" data-draggable=\"true\"  class=\"wrap-desktop js--flickity wao-blocks-slider innerblocks-slider-parent-31153\"  style=\"margin-bottom: 35px\">\n            <div class=\"col-12 col-md-12 col-lg-12 p-0\" style=\"height:auto\">\n            \n    <div \n        class='innerblocks-slider-child wao-blocks-innerblocks-slider-child' \n        >\n        \n\n<p class=\"has-text-align-center\"><strong>La relaxation pure<\/strong><\/p>\n\n\n\n<p>J'ai s\u00e9journ\u00e9 dans cet h\u00f4tel avec ma famille, nous avons pass\u00e9 un excellent moment. Le personnel est tr\u00e8s serviable. J'ai demand\u00e9 \u00e0 changer de chambre parce que je voulais le 4e \u00e9tage, j'ai \u00e9t\u00e9 accept\u00e9 imm\u00e9diatement. Je voudrais signaler le sourire et la gentillesse de Mlle Sara.<br>Des aliments propres, frais et variables. Rendez-vous l'ann\u00e9e prochaine. Un c\u00e2lin<\/p>\n\n\n\n<p><em>Marisa D<\/em><\/p>\n\n    <\/div>\n    <style>\n        @media screen and (max-width: 992px) {\n            .innerblocks-slider-child {\n                margin: auto !important;\n            }\n        }\n    <\/style>\n  \n\n        <\/div>\n            <div class=\"col-12 col-md-12 col-lg-12 p-0\" style=\"height:auto\">\n            \n    <div \n        class='innerblocks-slider-child wao-blocks-innerblocks-slider-child' \n        >\n        \n\n<p class=\"has-text-align-center\"><strong>De belles vacances<\/strong><\/p>\n\n\n\n<p>Ma famille et moi avons pass\u00e9 un tr\u00e8s bon moment dans cet \u00e9tablissement !<br>Bonne nourriture, animation avec Sofia et Salah tr\u00e8s engageante. Ma fille a pass\u00e9 un excellent moment.<br>Piscine confortable, lido de plage confortable.<\/p>\n\n\n\n<p><em>Loredana<\/em><\/p>\n\n    <\/div>\n    <style>\n        @media screen and (max-width: 992px) {\n            .innerblocks-slider-child {\n                margin: auto !important;\n            }\n        }\n    <\/style>\n  \n\n        <\/div>\n            <div class=\"col-12 col-md-12 col-lg-12 p-0\" style=\"height:auto\">\n            \n    <div \n        class='innerblocks-slider-child wao-blocks-innerblocks-slider-child' \n        >\n        \n\n<p class=\"has-text-align-center\"><strong>Satisfaits<\/strong><\/p>\n\n\n\n<p>J'ai pass\u00e9 7 jours \u00e0 l'h\u00f4tel Globus je dois dire que nous \u00e9tions tr\u00e8s bien la cuisine n'est pas \u00e9labor\u00e9e mais tr\u00e8s bonne vous sentez les saveurs du pass\u00e9 comme les nouilles cuites au four avec des boulettes de viande \u00e0 l'int\u00e9rieur qui m'a rappel\u00e9 ma m\u00e8re, je voulais aussi signaler la gentillesse et le sourire de Miss Sara. Chambres ok, propret\u00e9 ok, courtoisie ok. Un c\u00e2lin \u00e0 tous, \u00e0 l'ann\u00e9e prochaine.<\/p>\n\n\n\n<p><em>Giusy P<\/em><\/p>\n\n    <\/div>\n    <style>\n        @media screen and (max-width: 992px) {\n            .innerblocks-slider-child {\n                margin: auto !important;\n            }\n        }\n    <\/style>\n  \n        <\/div>\n    <\/div>\n<div id=\"innerblocks-slider-parent2\"  data-wraparound='true' data-cellalign=\"right\" data-bglazyload=\"1\" data-freescroll=\"false\" data-autoplay=\"2000\" data-pauseautoplayonhover =\"true\" data-prevnextbuttons=\"false\" data-contain=\"true\" data-pagedots=\"true\" data-draggable=\"true\" class=\"wrap-mobile js--flickity wao-blocks-slider innerblocks-slider-parent-31153\"  style=\"margin-bottom: 35px\">\n            <div class=\"col-12 col-md-12 col-lg-12 p-0\" style=\"height:auto\">\n            \n    <div \n        class='innerblocks-slider-child wao-blocks-innerblocks-slider-child' \n        >\n        \n\n<p class=\"has-text-align-center\"><strong>La relaxation pure<\/strong><\/p>\n\n\n\n<p>J'ai s\u00e9journ\u00e9 dans cet h\u00f4tel avec ma famille, nous avons pass\u00e9 un excellent moment. Le personnel est tr\u00e8s serviable. J'ai demand\u00e9 \u00e0 changer de chambre parce que je voulais le 4e \u00e9tage, j'ai \u00e9t\u00e9 accept\u00e9 imm\u00e9diatement. Je voudrais signaler le sourire et la gentillesse de Mlle Sara.<br>Des aliments propres, frais et variables. Rendez-vous l'ann\u00e9e prochaine. Un c\u00e2lin<\/p>\n\n\n\n<p><em>Marisa D<\/em><\/p>\n\n    <\/div>\n    <style>\n        @media screen and (max-width: 992px) {\n            .innerblocks-slider-child {\n                margin: auto !important;\n            }\n        }\n    <\/style>\n  \n\n        <\/div>\n            <div class=\"col-12 col-md-12 col-lg-12 p-0\" style=\"height:auto\">\n            \n    <div \n        class='innerblocks-slider-child wao-blocks-innerblocks-slider-child' \n        >\n        \n\n<p class=\"has-text-align-center\"><strong>De belles vacances<\/strong><\/p>\n\n\n\n<p>Ma famille et moi avons pass\u00e9 un tr\u00e8s bon moment dans cet \u00e9tablissement !<br>Bonne nourriture, animation avec Sofia et Salah tr\u00e8s engageante. Ma fille a pass\u00e9 un excellent moment.<br>Piscine confortable, lido de plage confortable.<\/p>\n\n\n\n<p><em>Loredana<\/em><\/p>\n\n    <\/div>\n    <style>\n        @media screen and (max-width: 992px) {\n            .innerblocks-slider-child {\n                margin: auto !important;\n            }\n        }\n    <\/style>\n  \n\n        <\/div>\n            <div class=\"col-12 col-md-12 col-lg-12 p-0\" style=\"height:auto\">\n            \n    <div \n        class='innerblocks-slider-child wao-blocks-innerblocks-slider-child' \n        >\n        \n\n<p class=\"has-text-align-center\"><strong>Satisfaits<\/strong><\/p>\n\n\n\n<p>J'ai pass\u00e9 7 jours \u00e0 l'h\u00f4tel Globus je dois dire que nous \u00e9tions tr\u00e8s bien la cuisine n'est pas \u00e9labor\u00e9e mais tr\u00e8s bonne vous sentez les saveurs du pass\u00e9 comme les nouilles cuites au four avec des boulettes de viande \u00e0 l'int\u00e9rieur qui m'a rappel\u00e9 ma m\u00e8re, je voulais aussi signaler la gentillesse et le sourire de Miss Sara. Chambres ok, propret\u00e9 ok, courtoisie ok. Un c\u00e2lin \u00e0 tous, \u00e0 l'ann\u00e9e prochaine.<\/p>\n\n\n\n<p><em>Giusy P<\/em><\/p>\n\n    <\/div>\n    <style>\n        @media screen and (max-width: 992px) {\n            .innerblocks-slider-child {\n                margin: auto !important;\n            }\n        }\n    <\/style>\n  \n        <\/div>\n    <\/div>\n    <\/div>\n<\/div>\n\n<div class=\"wao-blocks-row row d-none d-md-block\" >\n    \n\n<div class=\"col-12 col-md-12 diagonale-basso-sx py-5\"\n     \n\t \n\t>\n            <\/div>\n<\/div>\n<\/section>\n\n<\/div>\n\n<section class=\"wao-blocks-container container-fluid mb-2 g--bkg-dark-03 diagonale-basso-destra\"\n\t\t>\n    \n<div class=\"wao-blocks-row row\" >\n    \n\n<div class=\"col-12 col-md-12 col-lg-6 order-1\"\n     \n\t \n\tdata-cof=\"true\"\n    data-cof-rule=\"padding, 3rem 1rem, 2rem, 2rem, 3rem 3rem 1rem 3rem, 3rem 3rem 1rem 3rem\" >\n        \n\n<h3 class=\"has-text-align-center h2 pb-4 wp-block-heading\">Nos atouts<\/h3>\n\n    <\/div>\n\n\n<div class=\"col-12 col-md-12 col-lg-6 order-lg-2 order-3\"\n     \n\t \n\tdata-cof=\"true\"\n    data-cof-rule=\"padding, 3rem 1rem, 2rem, 2rem, 3rem 3rem 1rem 3rem, 3rem 3rem 1rem 3rem\" >\n        \n\n<h3 class=\"has-text-align-center h2 pb-4 wp-block-heading\">O\u00f9 nous sommes<\/h3>\n\n    <\/div>\n\n\n<div class=\"col-12 col-md-12 col-lg-6 order-lg-3 order-2\"\n     \n\t \n\t>\n        \n<div class=\"d-md-flex align-items-center justify-content-center\">\n\n<div class=\"m-2 g--bkg-dark-01 pt-3 px-0\" style=\"max-width:310px;\" data-cof=\"true\" data-cof-rule=\"width,100%, 100%, 50%, 50%, 50%\">\n\n<div style=\"min-height:85px;\">\n\n\n<p class=\"text-white display-4 px-4 pt-2 pb-3\"><strong>A quelques pas de la mer<\/strong><\/p>\n\n\n<\/div>\n\n    <figure\n        class=\"wao-blocks-immagine-bkg p-0 m-0 d-none d-md-block\"\n        style=\"background: url('http:\/\/www.hotelglobus.rimini.it\/wp-content\/uploads\/2021\/03\/sf-mare.jpg') center center \/ cover no-repeat; min-height: 300px;\"\n        >\n            <\/figure>\n\n\n<\/div>\n\n<div class=\"m-2 g--bkg-dark-01 pt-3 px-0\" style=\"max-width:310px;\" data-cof=\"true\" data-cof-rule=\"width,100%, 100%, 50%, 50%, 50%\">\n\n<div style=\"min-height:85px;\">\n\n\n<p class=\"text-white display-4 px-4 pt-2 pb-3\"><strong>Une cuisine traditionnelle de qualit\u00e9<\/strong><\/p>\n\n\n<\/div>\n\n    <figure\n        class=\"wao-blocks-immagine-bkg p-0 m-0 d-none d-md-block\"\n        style=\"background: url('http:\/\/www.hotelglobus.rimini.it\/wp-content\/uploads\/2022\/05\/sf-colazione-2.jpg') center center \/ cover no-repeat; min-height: 300px;\"\n        >\n            <\/figure>\n\n\n<\/div>\n\n<\/div>\n\n<div class=\"d-md-flex align-items-center justify-content-center\">\n\n<div class=\"m-2 g--bkg-dark-01 pt-3 px-0\" style=\"max-width:310px;\" data-cof=\"true\" data-cof-rule=\"width,100%, 100%, 50%, 50%, 50%\">\n\n<div style=\"min-height:85px;\">\n\n\n<p class=\"text-white display-4 px-4 pt-2 pb-3\"><strong>Pr\u00e8s des parcs d'attractions<\/strong><\/p>\n\n\n<\/div>\n\n    <figure\n        class=\"wao-blocks-immagine-bkg p-0 m-0 d-none d-md-block\"\n        style=\"background: url('http:\/\/www.hotelglobus.rimini.it\/wp-content\/uploads\/2021\/03\/sf-parchi-2.jpg') center center \/ cover no-repeat; min-height: 300px;\"\n        >\n            <\/figure>\n\n\n<\/div>\n\n<div class=\"m-2 g--bkg-dark-01 pt-3 px-0\" style=\"max-width:310px;\" data-cof=\"true\" data-cof-rule=\"width,100%, 100%, 50%, 50%, 50%\">\n\n<div style=\"min-height:85px;\">\n\n\n<p class=\"text-white display-4 px-4 pt-2 pb-3\"><strong>Plage et piscine affili\u00e9es<\/strong><\/p>\n\n\n<\/div>\n\n    <figure\n        class=\"wao-blocks-immagine-bkg p-0 m-0 d-none d-md-block\"\n        style=\"background: url('http:\/\/www.hotelglobus.rimini.it\/wp-content\/uploads\/2021\/03\/sf-family.jpg') center center \/ cover no-repeat; min-height: 300px;\"\n        >\n            <\/figure>\n\n\n<\/div>\n\n<\/div>\n    <\/div>\n\n\n<div class=\"col-12 col-md-12 col-lg-6 order-4\"\n     \n\t \n\t>\n        \n<iframe class=\"js--lazy-load\" data-src=\"https:\/\/www.google.com\/maps\/embed?pb=!1m14!1m8!1m3!1d11471.053263965843!2d12.6027778!3d44.0469444!3m2!1i1024!2i768!4f13.1!3m3!1m2!1s0x0%3A0x132fc8afaa4ae0c1!2sHotel%20Globus!5e0!3m2!1sit!2sit!4v1615461459765!5m2!1sit!2sit\" width=\"100%\" height=\"100%\" style=\"border:0;min-height:450px;\" allowfullscreen=\"\" loading=\"lazy\"><\/iframe>\n    <\/div>\n<\/div>\n\n<div class=\"wao-blocks-row row d-none d-md-block\" >\n    \n\n<div class=\"col-12 col-md-12 diagonale-basso-sx py-5\"\n     \n\t \n\t>\n            <\/div>\n<\/div>\n<\/section>\n\n<section class=\"wao-blocks-container container-fluid mb-2\"\n\t\t>\n    \n<div class=\"wao-blocks-row row\" >\n    \n\n<div class=\"col-12 col-md-12\"\n     \n\t \n\tdata-cof=\"true\"\n    data-cof-rule=\"padding, 1rem, 2rem, 2rem, 3rem, 3rem\" >\n        \n\n<h3 class=\"has-text-align-center h2 pb-4 wp-block-heading\">Demander un devis<\/h3>\n\n\n<div class=\"mx-auto\" style=\"max-width:1280px;\">\n\n\n<div class=\"merida_root\" id=\"merida_block\"><\/div>\n\n<script>\nvar merida_config_merida_block = {\n    customerId: 663 ,\n    showSuccessModal : true,\n    rootEl: \"merida_block\",\n    childrenAgeMax: 16,\n    childrenAgeMin: 0,\n    layout: \"default\",\n    language: \"fr\",\n                theme : {\n        colors: {\n            primary: '#2cb91f',\n            primaryTextAlt: '#ffffff',\n            secondary: '#232e45',\n            secondaryTextAlt: '#ffffff',\n            text: '#3e464c',\n            error: '#cc0033',\n            formBackground: '#ffffff',\n            label: '#4d4d4d',\n            labelInput: '#333333',\n            labelInputActive: '#7ebd6d',\n            inputBackground: '#eeeeee',\n            inputBorder: '#eeeeee',\n            checkboxBorder: '#eeeeee',\n        }\n    },\n    onSuccess : function(res) {\n        \n                        if (typeof(ga) !== 'undefined') {\n                   ga('send', 'event', 'Email', 'Invio', 'Form');\n                }\n                    }\n};\n\n(function(url, cb) {\n    var s = document.createElement(\"script\");\n    s.type = \"text\/javascript\";\n\n    if (s.readyState) { \/\/IE\n        s.onreadystatechange = function() {\n            if (s.readyState == \"loaded\" || s.readyState == \"complete\") {\n                s.onreadystatechange = null;\n                cb();\n            }\n        };\n    } else { \/\/Others\n        s.onload = function() {\n            cb();\n        };\n    }\n\n    s.src = url;\n    document.getElementsByTagName(\"head\")[0].appendChild(s);\n})(\"https:\/\/static.adriasonline.it\/merida\/latest\/merida.js\", function() {\n    window.aoForm = merida(merida_config_merida_block);\n});\n<\/script>\n\n<\/div>\n    <\/div>\n<\/div>\n<\/section>\n\n<section class=\"wao-blocks-container container-fluid mb-0 g--bkg-dark-01 diagonale-footer\"\n\t\t>\n    \n<div class=\"wao-blocks-row row\" >\n    \n\n<div class=\"col-12 col-md-12 py-3\"\n     \n\t \n\tdata-cof=\"true\"\n    data-cof-rule=\"height,  50px,  50px,  50px,  50px,  50px\" >\n            <\/div>\n<\/div>\n\n\n<p><\/p>\n\n<\/section>","protected":false},"excerpt":{"rendered":"","protected":false},"author":1,"featured_media":0,"parent":0,"menu_order":0,"comment_status":"closed","ping_status":"closed","template":"","meta":{"footnotes":""},"class_list":["post-612","page","type-page","status-publish","hentry"],"_links":{"self":[{"href":"https:\/\/www.hotelglobus.rimini.it\/fr\/wp-json\/wp\/v2\/pages\/612","targetHints":{"allow":["GET"]}}],"collection":[{"href":"https:\/\/www.hotelglobus.rimini.it\/fr\/wp-json\/wp\/v2\/pages"}],"about":[{"href":"https:\/\/www.hotelglobus.rimini.it\/fr\/wp-json\/wp\/v2\/types\/page"}],"author":[{"embeddable":true,"href":"https:\/\/www.hotelglobus.rimini.it\/fr\/wp-json\/wp\/v2\/users\/1"}],"replies":[{"embeddable":true,"href":"https:\/\/www.hotelglobus.rimini.it\/fr\/wp-json\/wp\/v2\/comments?post=612"}],"version-history":[{"count":2,"href":"https:\/\/www.hotelglobus.rimini.it\/fr\/wp-json\/wp\/v2\/pages\/612\/revisions"}],"predecessor-version":[{"id":617,"href":"https:\/\/www.hotelglobus.rimini.it\/fr\/wp-json\/wp\/v2\/pages\/612\/revisions\/617"}],"wp:attachment":[{"href":"https:\/\/www.hotelglobus.rimini.it\/fr\/wp-json\/wp\/v2\/media?parent=612"}],"curies":[{"name":"wp","href":"https:\/\/api.w.org\/{rel}","templated":true}]}}